{"id":1139,"date":"2024-05-31T17:18:02","date_gmt":"2024-05-31T21:18:02","guid":{"rendered":"https:\/\/vicpark.com\/?page_id=1139"},"modified":"2025-06-04T16:40:25","modified_gmt":"2025-06-04T20:40:25","slug":"carrieres","status":"publish","type":"page","link":"https:\/\/vicpark.com\/fr\/carrieres\/","title":{"rendered":"Carri\u00e8res"},"content":{"rendered":"<div class=\"bk-hero-video active-header\">\r\n<div class=\"bg-image\" data-speed=\"0.3\" style=\"background-image: url(https:\/\/vicpark.com\/wp-content\/uploads\/2024\/05\/thumb-13-1-scaled.jpg)\"><\/div>\r\n<div id=\"region-container\"><\/div>\r\n\r\n<div class=\"hero-title \">\r\n    <h1 class=\"hero-video-title t-left-animation delay\">\r\n        Carri\u00e8res        <\/h1>\r\n    \r\n    <\/div>\r\n\r\n\r\n<\/div>\r\n<nav class=\"breadcrumb\"><span><span><a href=\"https:\/\/vicpark.com\/fr\/\">Accueil<\/a><\/span><\/span><\/nav>\n\n<div class=\"bk-paragraph-introduction  wrapper-s\" data-speed=\"0.95\">\r\n     \r\n    <div class=\"char-animated-intro\">\r\n        \n\n<p>LE M\u00c9DISPA VICTORIA PARK A \u00c9T\u00c9 S\u00c9LECTIONN\u00c9 COMME MEILLEUR M\u00c9DISPA AU CANADA PAR SPA INC EN 2016, 2021 (EN PLUS D\u2019AVOIR \u00c9T\u00c9 LE CHOIX DES CONSOMMATEURS), 2022, ET 2023, ET EN TANT QUE FINALISTE R\u00c9GIONAL 2023 DU PROGRAMME DES SOCI\u00c9T\u00c9S LES MIEUX G\u00c9R\u00c9ES AU CANADA.<\/p>\n\n    <\/div>   \r\n<\/div>\r\n\n\n\n<div class=\"wp-block-group wrapper-s is-layout-constrained wp-block-group-is-layout-constrained\">\n<h2 class=\"wp-block-heading t-left-animation delay\" style=\"margin-bottom:var(--wp--preset--spacing--30)\">pourquoi travailler<br>avec nous<\/h2>\n\n\n\n<div class=\"wp-block-columns is-layout-flex wp-container-core-columns-is-layout-5cb48670 wp-block-columns-is-layout-flex\" style=\"margin-bottom:var(--wp--preset--spacing--30)\">\n<div class=\"wp-block-column is-layout-flow wp-block-column-is-layout-flow\">\n<div class=\"videoWrapper\"><iframe loading=\"lazy\" width=\"100%\" height=\"460\" src=\"https:\/\/www.youtube.com\/embed\/D5wo7VFLWXk?si=EJZmItG46f_rQ0of\" title=\"YouTube video player\" frameborder=\"0\" allow=\"accelerometer; autoplay; clipboard-write; encrypted-media; gyroscope; picture-in-picture; web-share\" referrerpolicy=\"strict-origin-when-cross-origin\" allowfullscreen><\/iframe><\/div>\n<\/div>\n\n\n\n<div class=\"wp-block-column is-layout-flow wp-block-column-is-layout-flow\">\n<div class=\"videoWrapper\"><iframe loading=\"lazy\" width=\"100%\" height=\"460\" src=\"https:\/\/www.youtube.com\/embed\/tzc0vFg0hW4?si=eRPVjG3U7Xd6bsVp\" title=\"YouTube video player\" frameborder=\"0\" allow=\"accelerometer; autoplay; clipboard-write; encrypted-media; gyroscope; picture-in-picture; web-share\" referrerpolicy=\"strict-origin-when-cross-origin\" allowfullscreen><\/iframe><\/div>\n<\/div>\n\n\n\n<div class=\"wp-block-column is-layout-flow wp-block-column-is-layout-flow\">\n<div class=\"videoWrapper\"><iframe loading=\"lazy\" width=\"100%\" height=\"400\" src=\"https:\/\/www.youtube.com\/embed\/5X2xPNzL82g?si=Ap_wjOvytcSZjfGe\" title=\"YouTube video player\" frameborder=\"0\" allow=\"accelerometer; autoplay; clipboard-write; encrypted-media; gyroscope; picture-in-picture; web-share\" referrerpolicy=\"strict-origin-when-cross-origin\" allowfullscreen><\/iframe><\/div>\n<\/div>\n<\/div>\n\n\n\n<figure class=\"wp-block-image aligncenter size-full\"><img decoding=\"async\" width=\"1500\" height=\"630\" src=\"https:\/\/vicpark.com\/wp-content\/uploads\/2024\/06\/1-1500x630-1.png\" alt=\"\" class=\"wp-image-1376\" srcset=\"https:\/\/vicpark.com\/wp-content\/uploads\/2024\/06\/1-1500x630-1.png 1500w, https:\/\/vicpark.com\/wp-content\/uploads\/2024\/06\/1-1500x630-1-300x126.png 300w, https:\/\/vicpark.com\/wp-content\/uploads\/2024\/06\/1-1500x630-1-768x323.png 768w, https:\/\/vicpark.com\/wp-content\/uploads\/2024\/06\/1-1500x630-1-1024x430.png 1024w\" sizes=\"(max-width: 1500px) 100vw, 1500px\" \/><\/figure>\n\n\n\n<div style=\"height:30px\" aria-hidden=\"true\" class=\"wp-block-spacer\"><\/div>\n\n\n\n<h3 class=\"wp-block-heading\"><strong>Voici une liste de nos offres d\u2019emploi stimulantes.<\/strong><\/h3>\n<\/div>\n\n\n\n<div class=\"wp-block-group arc-cream is-layout-constrained wp-block-group-is-layout-constrained\">\n<div class=\"wrapper-s\" id=\"BambooHR\" data-domain=\"vicpark.bamboohr.com\" data-version=\"1.0.0\" data-departmentid=\"\"><\/div>\r\n\r\n<script src=https:\/\/vicpark.bamboohr.com\/js\/embed.js type=\"text\/javascript\" async defer><\/script>\n\n\n<div class=\"bk-mini-circle-reveal wrapper\">\r\n    <div class=\"bk-mini-circle-reveal--container\">\r\n        <div class=\"bk-mini-circle-reveal--description\">\r\n            <h3 class=\"t-left-animation\">Candidature<br>spontan\u00e9e<\/h3>\r\n            <p>Veuillez nous envoyer votre CV et nous faire savoir quelle carri\u00e8re chez Victoria Park vous int\u00e9resse. Nous serons ravis de recevoir votre candidature.<\/p>\n            <div class=\"wp-block-button main-button\"><a target=\"_blank\" href=\"https:\/\/vicpark.bamboohr.com\/careers\/58\" class=\"wp-block-button__link has-text-align-center wp-element-button x\">Postuler<\/a><\/div>\r\n        <\/div>\r\n    <\/div>\r\n<\/div><\/div>\n","protected":false},"excerpt":{"rendered":"<p>pourquoi travailleravec nous Voici une liste de nos offres d\u2019emploi stimulantes.<\/p>\n","protected":false},"author":2,"featured_media":6782,"parent":0,"menu_order":0,"comment_status":"closed","ping_status":"closed","template":"","meta":{"_acf_changed":false,"_kad_blocks_custom_css":"","_kad_blocks_head_custom_js":"","_kad_blocks_body_custom_js":"","_kad_blocks_footer_custom_js":"","footnotes":""},"class_list":["post-1139","page","type-page","status-publish","has-post-thumbnail","hentry"],"acf":[],"yoast_head":"<!-- This site is optimized with the Yoast SEO plugin v27.4 - https:\/\/yoast.com\/product\/yoast-seo-wordpress\/ -->\n<title>Carri\u00e8res | Victoria Park Medispa<\/title>\n<meta name=\"robots\" content=\"index, follow, max-snippet:-1, max-image-preview:large, max-video-preview:-1\" \/>\n<link rel=\"canonical\" href=\"https:\/\/vicpark.com\/fr\/carrieres\/\" \/>\n<meta property=\"og:locale\" content=\"fr_FR\" \/>\n<meta property=\"og:type\" content=\"article\" \/>\n<meta property=\"og:title\" content=\"Carri\u00e8res | Victoria Park Medispa\" \/>\n<meta property=\"og:description\" content=\"pourquoi travailleravec nous Voici une liste de nos offres d\u2019emploi stimulantes.\" \/>\n<meta property=\"og:url\" content=\"https:\/\/vicpark.com\/fr\/carrieres\/\" \/>\n<meta property=\"og:site_name\" content=\"Victoria Park Medispa\" \/>\n<meta property=\"article:publisher\" content=\"https:\/\/www.facebook.com\/VicParkMedispa\" \/>\n<meta property=\"article:modified_time\" content=\"2025-06-04T20:40:25+00:00\" \/>\n<meta property=\"og:image\" content=\"https:\/\/vicpark.com\/wp-content\/uploads\/2025\/01\/INJECT_banner_DERMAL-FILLER.jpg\" \/>\n\t<meta property=\"og:image:width\" content=\"1920\" \/>\n\t<meta property=\"og:image:height\" content=\"1080\" \/>\n\t<meta property=\"og:image:type\" content=\"image\/jpeg\" \/>\n<meta name=\"twitter:card\" content=\"summary_large_image\" \/>\n<meta name=\"twitter:label1\" content=\"Est. reading time\" \/>\n\t<meta name=\"twitter:data1\" content=\"1 minute\" \/>\n<script type=\"application\/ld+json\" class=\"yoast-schema-graph\">{\"@context\":\"https:\\\/\\\/schema.org\",\"@graph\":[{\"@type\":\"WebPage\",\"@id\":\"https:\\\/\\\/vicpark.com\\\/fr\\\/carrieres\\\/\",\"url\":\"https:\\\/\\\/vicpark.com\\\/fr\\\/carrieres\\\/\",\"name\":\"Carri\u00e8res | Victoria Park Medispa\",\"isPartOf\":{\"@id\":\"https:\\\/\\\/vicpark.com\\\/fr\\\/#website\"},\"primaryImageOfPage\":{\"@id\":\"https:\\\/\\\/vicpark.com\\\/fr\\\/carrieres\\\/#primaryimage\"},\"image\":{\"@id\":\"https:\\\/\\\/vicpark.com\\\/fr\\\/carrieres\\\/#primaryimage\"},\"thumbnailUrl\":\"https:\\\/\\\/vicpark.com\\\/wp-content\\\/uploads\\\/2025\\\/01\\\/INJECT_banner_DERMAL-FILLER.jpg\",\"datePublished\":\"2024-05-31T21:18:02+00:00\",\"dateModified\":\"2025-06-04T20:40:25+00:00\",\"breadcrumb\":{\"@id\":\"https:\\\/\\\/vicpark.com\\\/fr\\\/carrieres\\\/#breadcrumb\"},\"inLanguage\":\"fr-FR\",\"potentialAction\":[{\"@type\":\"ReadAction\",\"target\":[\"https:\\\/\\\/vicpark.com\\\/fr\\\/carrieres\\\/\"]}]},{\"@type\":\"ImageObject\",\"inLanguage\":\"fr-FR\",\"@id\":\"https:\\\/\\\/vicpark.com\\\/fr\\\/carrieres\\\/#primaryimage\",\"url\":\"https:\\\/\\\/vicpark.com\\\/wp-content\\\/uploads\\\/2025\\\/01\\\/INJECT_banner_DERMAL-FILLER.jpg\",\"contentUrl\":\"https:\\\/\\\/vicpark.com\\\/wp-content\\\/uploads\\\/2025\\\/01\\\/INJECT_banner_DERMAL-FILLER.jpg\",\"width\":1920,\"height\":1080,\"caption\":\"HA Lip Filler Promotion\"},{\"@type\":\"BreadcrumbList\",\"@id\":\"https:\\\/\\\/vicpark.com\\\/fr\\\/carrieres\\\/#breadcrumb\",\"itemListElement\":[{\"@type\":\"ListItem\",\"position\":1,\"name\":\"Accueil\",\"item\":\"https:\\\/\\\/vicpark.com\\\/fr\\\/\"},{\"@type\":\"ListItem\",\"position\":2,\"name\":\"Carri\u00e8res\"}]},{\"@type\":\"WebSite\",\"@id\":\"https:\\\/\\\/vicpark.com\\\/fr\\\/#website\",\"url\":\"https:\\\/\\\/vicpark.com\\\/fr\\\/\",\"name\":\"Victoria Park Medispa\",\"description\":\"\",\"publisher\":{\"@id\":\"https:\\\/\\\/vicpark.com\\\/fr\\\/#organization\"},\"potentialAction\":[{\"@type\":\"SearchAction\",\"target\":{\"@type\":\"EntryPoint\",\"urlTemplate\":\"https:\\\/\\\/vicpark.com\\\/fr\\\/?s={search_term_string}\"},\"query-input\":{\"@type\":\"PropertyValueSpecification\",\"valueRequired\":true,\"valueName\":\"search_term_string\"}}],\"inLanguage\":\"fr-FR\"},{\"@type\":\"Organization\",\"@id\":\"https:\\\/\\\/vicpark.com\\\/fr\\\/#organization\",\"name\":\"Victoria Park Medispa\",\"url\":\"https:\\\/\\\/vicpark.com\\\/fr\\\/\",\"logo\":{\"@type\":\"ImageObject\",\"inLanguage\":\"fr-FR\",\"@id\":\"https:\\\/\\\/vicpark.com\\\/fr\\\/#\\\/schema\\\/logo\\\/image\\\/\",\"url\":\"https:\\\/\\\/vicpark.com\\\/wp-content\\\/uploads\\\/2024\\\/08\\\/vp-medispa-HORIZONTAL-logo-black-fr.jpg\",\"contentUrl\":\"https:\\\/\\\/vicpark.com\\\/wp-content\\\/uploads\\\/2024\\\/08\\\/vp-medispa-HORIZONTAL-logo-black-fr.jpg\",\"width\":696,\"height\":696,\"caption\":\"Victoria Park Medispa\"},\"image\":{\"@id\":\"https:\\\/\\\/vicpark.com\\\/fr\\\/#\\\/schema\\\/logo\\\/image\\\/\"},\"sameAs\":[\"https:\\\/\\\/www.facebook.com\\\/VicParkMedispa\"]}]}<\/script>\n<!-- \/ Yoast SEO plugin. -->","yoast_head_json":{"title":"Carri\u00e8res | Victoria Park Medispa","robots":{"index":"index","follow":"follow","max-snippet":"max-snippet:-1","max-image-preview":"max-image-preview:large","max-video-preview":"max-video-preview:-1"},"canonical":"https:\/\/vicpark.com\/fr\/carrieres\/","og_locale":"fr_FR","og_type":"article","og_title":"Carri\u00e8res | Victoria Park Medispa","og_description":"pourquoi travailleravec nous Voici une liste de nos offres d\u2019emploi stimulantes.","og_url":"https:\/\/vicpark.com\/fr\/carrieres\/","og_site_name":"Victoria Park Medispa","article_publisher":"https:\/\/www.facebook.com\/VicParkMedispa","article_modified_time":"2025-06-04T20:40:25+00:00","og_image":[{"width":1920,"height":1080,"url":"https:\/\/vicpark.com\/wp-content\/uploads\/2025\/01\/INJECT_banner_DERMAL-FILLER.jpg","type":"image\/jpeg"}],"twitter_card":"summary_large_image","twitter_misc":{"Est. reading time":"1 minute"},"schema":{"@context":"https:\/\/schema.org","@graph":[{"@type":"WebPage","@id":"https:\/\/vicpark.com\/fr\/carrieres\/","url":"https:\/\/vicpark.com\/fr\/carrieres\/","name":"Carri\u00e8res | Victoria Park Medispa","isPartOf":{"@id":"https:\/\/vicpark.com\/fr\/#website"},"primaryImageOfPage":{"@id":"https:\/\/vicpark.com\/fr\/carrieres\/#primaryimage"},"image":{"@id":"https:\/\/vicpark.com\/fr\/carrieres\/#primaryimage"},"thumbnailUrl":"https:\/\/vicpark.com\/wp-content\/uploads\/2025\/01\/INJECT_banner_DERMAL-FILLER.jpg","datePublished":"2024-05-31T21:18:02+00:00","dateModified":"2025-06-04T20:40:25+00:00","breadcrumb":{"@id":"https:\/\/vicpark.com\/fr\/carrieres\/#breadcrumb"},"inLanguage":"fr-FR","potentialAction":[{"@type":"ReadAction","target":["https:\/\/vicpark.com\/fr\/carrieres\/"]}]},{"@type":"ImageObject","inLanguage":"fr-FR","@id":"https:\/\/vicpark.com\/fr\/carrieres\/#primaryimage","url":"https:\/\/vicpark.com\/wp-content\/uploads\/2025\/01\/INJECT_banner_DERMAL-FILLER.jpg","contentUrl":"https:\/\/vicpark.com\/wp-content\/uploads\/2025\/01\/INJECT_banner_DERMAL-FILLER.jpg","width":1920,"height":1080,"caption":"HA Lip Filler Promotion"},{"@type":"BreadcrumbList","@id":"https:\/\/vicpark.com\/fr\/carrieres\/#breadcrumb","itemListElement":[{"@type":"ListItem","position":1,"name":"Accueil","item":"https:\/\/vicpark.com\/fr\/"},{"@type":"ListItem","position":2,"name":"Carri\u00e8res"}]},{"@type":"WebSite","@id":"https:\/\/vicpark.com\/fr\/#website","url":"https:\/\/vicpark.com\/fr\/","name":"Victoria Park Medispa","description":"","publisher":{"@id":"https:\/\/vicpark.com\/fr\/#organization"},"potentialAction":[{"@type":"SearchAction","target":{"@type":"EntryPoint","urlTemplate":"https:\/\/vicpark.com\/fr\/?s={search_term_string}"},"query-input":{"@type":"PropertyValueSpecification","valueRequired":true,"valueName":"search_term_string"}}],"inLanguage":"fr-FR"},{"@type":"Organization","@id":"https:\/\/vicpark.com\/fr\/#organization","name":"Victoria Park Medispa","url":"https:\/\/vicpark.com\/fr\/","logo":{"@type":"ImageObject","inLanguage":"fr-FR","@id":"https:\/\/vicpark.com\/fr\/#\/schema\/logo\/image\/","url":"https:\/\/vicpark.com\/wp-content\/uploads\/2024\/08\/vp-medispa-HORIZONTAL-logo-black-fr.jpg","contentUrl":"https:\/\/vicpark.com\/wp-content\/uploads\/2024\/08\/vp-medispa-HORIZONTAL-logo-black-fr.jpg","width":696,"height":696,"caption":"Victoria Park Medispa"},"image":{"@id":"https:\/\/vicpark.com\/fr\/#\/schema\/logo\/image\/"},"sameAs":["https:\/\/www.facebook.com\/VicParkMedispa"]}]}},"taxonomy_info":[],"featured_image_src_large":["https:\/\/vicpark.com\/wp-content\/uploads\/2025\/01\/INJECT_banner_DERMAL-FILLER-1024x576.jpg",1024,576,true],"author_info":{"display_name":"Thiago Diezel","author_link":"https:\/\/vicpark.com\/fr\/author\/diezel\/"},"comment_info":0,"_links":{"self":[{"href":"https:\/\/vicpark.com\/fr\/wp-json\/wp\/v2\/pages\/1139","targetHints":{"allow":["GET"]}}],"collection":[{"href":"https:\/\/vicpark.com\/fr\/wp-json\/wp\/v2\/pages"}],"about":[{"href":"https:\/\/vicpark.com\/fr\/wp-json\/wp\/v2\/types\/page"}],"author":[{"embeddable":true,"href":"https:\/\/vicpark.com\/fr\/wp-json\/wp\/v2\/users\/2"}],"replies":[{"embeddable":true,"href":"https:\/\/vicpark.com\/fr\/wp-json\/wp\/v2\/comments?post=1139"}],"version-history":[{"count":27,"href":"https:\/\/vicpark.com\/fr\/wp-json\/wp\/v2\/pages\/1139\/revisions"}],"predecessor-version":[{"id":5915,"href":"https:\/\/vicpark.com\/fr\/wp-json\/wp\/v2\/pages\/1139\/revisions\/5915"}],"wp:featuredmedia":[{"embeddable":true,"href":"https:\/\/vicpark.com\/fr\/wp-json\/wp\/v2\/media\/6782"}],"wp:attachment":[{"href":"https:\/\/vicpark.com\/fr\/wp-json\/wp\/v2\/media?parent=1139"}],"curies":[{"name":"wp","href":"https:\/\/api.w.org\/{rel}","templated":true}]}}