{"id":1387,"date":"2024-05-21T15:13:36","date_gmt":"2024-05-21T19:13:36","guid":{"rendered":"https:\/\/vicpark.com\/gift-cards\/"},"modified":"2025-12-16T11:12:48","modified_gmt":"2025-12-16T16:12:48","slug":"cartes-cadeaux","status":"publish","type":"page","link":"https:\/\/vicpark.com\/fr\/service-a-la-clientele\/cartes-cadeaux\/","title":{"rendered":"Cartes cadeaux"},"content":{"rendered":"<div class=\"bk-hero-video active-header\">\r\n<div class=\"bg-image\" data-speed=\"0.3\" style=\"background-image: url(https:\/\/vicpark.com\/wp-content\/uploads\/2024\/08\/Victoria-Park-Medispa-Downtown-Montreal-December-2023-2.jpg)\"><\/div>\r\n<div id=\"region-container\"><\/div>\r\n\r\n<div class=\"hero-title \">\r\n    <h1 class=\"hero-video-title t-left-animation delay\">\r\n        CARTES-CADEAUX<br>VICTORIA PARK        <\/h1>\r\n    \r\n    <\/div>\r\n<span class=\"subtitle hero-description-sub\"> <\/span>\r\n\r\n<\/div>\r\n<nav class=\"breadcrumb\"><span><span><a href=\"https:\/\/vicpark.com\/fr\/\">Accueil<\/a><\/span><\/span><\/nav>\n\n<div class=\"bk-paragraph-introduction  wrapper-s\" data-speed=\"0.95\">\r\n     \r\n    <div class=\"char-animated-intro\">\r\n        \n\n<p>OFFREZ UN CADEAU QUI SERA APPR\u00c9CI\u00c9 ET QUI FERA UNE DIFF\u00c9RENCE DANS LA VIE DE VOS PROCHES. LES CARTES-CADEAUX SONT VALIDES POUR TOUS LES PRODUITS ET SERVICES* AU M\u00c9DISPA VICTORIA PARK.<\/p>\n\n    <\/div>   \r\n<\/div>\r\n\n\n\n<div class=\"wp-block-columns is-layout-flex wp-container-core-columns-is-layout-8eb77903 wp-block-columns-is-layout-flex\" style=\"margin-top:0;margin-bottom:0\">\n<div class=\"wp-block-column has-cream-background-color has-background is-layout-flow wp-block-column-is-layout-flow\">\n<div class=\"wp-block-cover is-light has-custom-content-position is-position-top-center description\" style=\"padding-top:var(--wp--preset--spacing--50);padding-right:var(--wp--preset--spacing--50);padding-bottom:var(--wp--preset--spacing--50);padding-left:var(--wp--preset--spacing--50)\"><span aria-hidden=\"true\" class=\"wp-block-cover__background has-cream-background-color has-background-dim-100 has-background-dim\"><\/span><div class=\"wp-block-cover__inner-container is-layout-constrained wp-container-core-cover-is-layout-46fafb13 wp-block-cover-is-layout-constrained\">\n<p class=\"has-text-align-left has-large-font-size\">CARTES-CADEAUX VIRTUELLES<\/p>\n\n\n\n<p class=\"has-inter-font-family\">Vous pouver cliquer ci-dessous pour envoyer virtuellement (par courriel) une carte-cadeau personnalis\u00e9e \u00e0 vos proches.<\/p>\n\n\n\n<div class=\"wp-block-buttons is-content-justification-left is-layout-flex wp-container-core-buttons-is-layout-fc4fd283 wp-block-buttons-is-layout-flex\">\n<div class=\"wp-block-button has-custom-font-size main-button has-tiny-font-size\"><a class=\"wp-block-button__link has-text-align-center wp-element-button\" href=\"https:\/\/victoriapark.zenoti.com\/webstoreNew\/giftcards\" target=\"_blank\" rel=\"noreferrer noopener\">ENVOYER UNE CARTE-CADEAU VIRTUELLE PERSONALIS\u00c9E<\/a><\/div>\n<\/div>\n<\/div><\/div>\n<\/div>\n\n\n\n<div class=\"wp-block-column has-bleu-1-background-color has-background is-layout-flow wp-container-core-column-is-layout-8a368f38 wp-block-column-is-layout-flow\">\n<div class=\"wp-block-cover is-light has-custom-content-position is-position-top-center description has-white-color has-text-color has-link-color wp-elements-348a084ffd1d253a72b4cbce24697c00\" style=\"padding-top:var(--wp--preset--spacing--50);padding-right:var(--wp--preset--spacing--50);padding-bottom:var(--wp--preset--spacing--30);padding-left:var(--wp--preset--spacing--50)\"><span aria-hidden=\"true\" class=\"wp-block-cover__background has-bleu-1-background-color has-background-dim-100 has-background-dim\"><\/span><div class=\"wp-block-cover__inner-container is-layout-constrained wp-container-core-cover-is-layout-6fd004f4 wp-block-cover-is-layout-constrained\">\n<p class=\"has-text-align-left has-large-font-size\">CARTES-CADEAUX PHYSIQUES<\/p>\n\n\n\n<p class=\"has-inter-font-family\">Pour les cartes-cadeaux physiques avec emballage de cadeau et livraison gratuits, veuillez appeler le&nbsp;<a href=\"tel:15144888668\">514.488.8668<\/a>&nbsp;pendant les heures de bureau, ou envoyez votre commande par courriel \u00e0 tout moment \u00e0 l\u2019adresse&nbsp;<a href=\"mailto:medispa@vicpark.com\">medispa@vicpark.com<\/a>.<\/p>\n\n\n\n<p class=\"has-inter-font-family\">Notre personnel vous aidera \u00e0 personnaliser votre carte-cadeau et l\u2019emballera avec plaisir. Vous pourrez ensuite soit la r\u00e9cup\u00e9rer ou demander de la faire envoyer par la poste gratuitement.<\/p>\n<\/div><\/div>\n<\/div>\n<\/div>\n\n\n\n<div style=\"height:100px\" aria-hidden=\"true\" class=\"wp-block-spacer\"><\/div>\n","protected":false},"excerpt":{"rendered":"","protected":false},"author":2,"featured_media":3251,"parent":1936,"menu_order":0,"comment_status":"closed","ping_status":"closed","template":"","meta":{"_acf_changed":false,"_kad_blocks_custom_css":"","_kad_blocks_head_custom_js":"","_kad_blocks_body_custom_js":"","_kad_blocks_footer_custom_js":"","footnotes":""},"class_list":["post-1387","page","type-page","status-publish","has-post-thumbnail","hentry"],"acf":[],"yoast_head":"<!-- This site is optimized with the Yoast SEO plugin v26.7 - https:\/\/yoast.com\/wordpress\/plugins\/seo\/ -->\n<title>Cartes cadeaux esth\u00e9tiques | Offrez un soin Victoria Park<\/title>\n<meta name=\"description\" content=\"Offrez le cadeau du bien-\u00eatre. Nos cartes-cadeaux permettent de profiter de traitements m\u00e9dico-esth\u00e9tiques et haut de gamme. Magasinez en ligne.\" \/>\n<meta name=\"robots\" content=\"index, nofollow, max-snippet:-1, max-image-preview:large, max-video-preview:-1\" \/>\n<link rel=\"canonical\" href=\"https:\/\/vicpark.com\/fr\/service-a-la-clientele\/cartes-cadeaux\/\" \/>\n<meta property=\"og:locale\" content=\"fr_FR\" \/>\n<meta property=\"og:type\" content=\"article\" \/>\n<meta property=\"og:title\" content=\"Cartes cadeaux esth\u00e9tiques | Offrez un soin Victoria Park\" \/>\n<meta property=\"og:description\" content=\"Offrez le cadeau du bien-\u00eatre. Nos cartes-cadeaux permettent de profiter de traitements m\u00e9dico-esth\u00e9tiques et haut de gamme. Magasinez en ligne.\" \/>\n<meta property=\"og:url\" content=\"https:\/\/vicpark.com\/fr\/service-a-la-clientele\/cartes-cadeaux\/\" \/>\n<meta property=\"og:site_name\" content=\"Victoria Park Medispa\" \/>\n<meta property=\"article:publisher\" content=\"https:\/\/www.facebook.com\/VicParkMedispa\" \/>\n<meta property=\"article:modified_time\" content=\"2025-12-16T16:12:48+00:00\" \/>\n<meta property=\"og:image\" content=\"https:\/\/vicpark.com\/wp-content\/uploads\/2024\/07\/card-1024x725.png\" \/>\n\t<meta property=\"og:image:width\" content=\"1024\" \/>\n\t<meta property=\"og:image:height\" content=\"725\" \/>\n\t<meta property=\"og:image:type\" content=\"image\/png\" \/>\n<meta name=\"twitter:card\" content=\"summary_large_image\" \/>\n<meta name=\"twitter:label1\" content=\"Est. reading time\" \/>\n\t<meta name=\"twitter:data1\" content=\"1 minute\" \/>\n<script type=\"application\/ld+json\" class=\"yoast-schema-graph\">{\"@context\":\"https:\/\/schema.org\",\"@graph\":[{\"@type\":\"WebPage\",\"@id\":\"https:\/\/vicpark.com\/fr\/service-a-la-clientele\/cartes-cadeaux\/\",\"url\":\"https:\/\/vicpark.com\/fr\/service-a-la-clientele\/cartes-cadeaux\/\",\"name\":\"Cartes cadeaux esth\u00e9tiques | Offrez un soin Victoria Park\",\"isPartOf\":{\"@id\":\"https:\/\/vicpark.com\/fr\/#website\"},\"primaryImageOfPage\":{\"@id\":\"https:\/\/vicpark.com\/fr\/service-a-la-clientele\/cartes-cadeaux\/#primaryimage\"},\"image\":{\"@id\":\"https:\/\/vicpark.com\/fr\/service-a-la-clientele\/cartes-cadeaux\/#primaryimage\"},\"thumbnailUrl\":\"https:\/\/vicpark.com\/wp-content\/uploads\/2024\/07\/card.png\",\"datePublished\":\"2024-05-21T19:13:36+00:00\",\"dateModified\":\"2025-12-16T16:12:48+00:00\",\"description\":\"Offrez le cadeau du bien-\u00eatre. Nos cartes-cadeaux permettent de profiter de traitements m\u00e9dico-esth\u00e9tiques et haut de gamme. Magasinez en ligne.\",\"breadcrumb\":{\"@id\":\"https:\/\/vicpark.com\/fr\/service-a-la-clientele\/cartes-cadeaux\/#breadcrumb\"},\"inLanguage\":\"fr-FR\",\"potentialAction\":[{\"@type\":\"ReadAction\",\"target\":[\"https:\/\/vicpark.com\/fr\/service-a-la-clientele\/cartes-cadeaux\/\"]}]},{\"@type\":\"ImageObject\",\"inLanguage\":\"fr-FR\",\"@id\":\"https:\/\/vicpark.com\/fr\/service-a-la-clientele\/cartes-cadeaux\/#primaryimage\",\"url\":\"https:\/\/vicpark.com\/wp-content\/uploads\/2024\/07\/card.png\",\"contentUrl\":\"https:\/\/vicpark.com\/wp-content\/uploads\/2024\/07\/card.png\",\"width\":1440,\"height\":1020},{\"@type\":\"BreadcrumbList\",\"@id\":\"https:\/\/vicpark.com\/fr\/service-a-la-clientele\/cartes-cadeaux\/#breadcrumb\",\"itemListElement\":[{\"@type\":\"ListItem\",\"position\":1,\"name\":\"Accueil\",\"item\":\"https:\/\/vicpark.com\/fr\/\"},{\"@type\":\"ListItem\",\"position\":2,\"name\":\"Service \u00e0 la client\u00e8le\",\"item\":\"https:\/\/vicpark.com\/fr\/service-a-la-clientele\/\"},{\"@type\":\"ListItem\",\"position\":3,\"name\":\"Cartes cadeaux\"}]},{\"@type\":\"WebSite\",\"@id\":\"https:\/\/vicpark.com\/fr\/#website\",\"url\":\"https:\/\/vicpark.com\/fr\/\",\"name\":\"Victoria Park Medispa\",\"description\":\"\",\"publisher\":{\"@id\":\"https:\/\/vicpark.com\/fr\/#organization\"},\"potentialAction\":[{\"@type\":\"SearchAction\",\"target\":{\"@type\":\"EntryPoint\",\"urlTemplate\":\"https:\/\/vicpark.com\/fr\/?s={search_term_string}\"},\"query-input\":{\"@type\":\"PropertyValueSpecification\",\"valueRequired\":true,\"valueName\":\"search_term_string\"}}],\"inLanguage\":\"fr-FR\"},{\"@type\":\"Organization\",\"@id\":\"https:\/\/vicpark.com\/fr\/#organization\",\"name\":\"Victoria Park Medispa\",\"url\":\"https:\/\/vicpark.com\/fr\/\",\"logo\":{\"@type\":\"ImageObject\",\"inLanguage\":\"fr-FR\",\"@id\":\"https:\/\/vicpark.com\/fr\/#\/schema\/logo\/image\/\",\"url\":\"https:\/\/vicpark.com\/wp-content\/uploads\/2024\/08\/vp-medispa-HORIZONTAL-logo-black-fr.jpg\",\"contentUrl\":\"https:\/\/vicpark.com\/wp-content\/uploads\/2024\/08\/vp-medispa-HORIZONTAL-logo-black-fr.jpg\",\"width\":696,\"height\":696,\"caption\":\"Victoria Park Medispa\"},\"image\":{\"@id\":\"https:\/\/vicpark.com\/fr\/#\/schema\/logo\/image\/\"},\"sameAs\":[\"https:\/\/www.facebook.com\/VicParkMedispa\"]}]}<\/script>\n<!-- \/ Yoast SEO plugin. -->","yoast_head_json":{"title":"Cartes cadeaux esth\u00e9tiques | Offrez un soin Victoria Park","description":"Offrez le cadeau du bien-\u00eatre. Nos cartes-cadeaux permettent de profiter de traitements m\u00e9dico-esth\u00e9tiques et haut de gamme. Magasinez en ligne.","robots":{"index":"index","follow":"nofollow","max-snippet":"max-snippet:-1","max-image-preview":"max-image-preview:large","max-video-preview":"max-video-preview:-1"},"canonical":"https:\/\/vicpark.com\/fr\/service-a-la-clientele\/cartes-cadeaux\/","og_locale":"fr_FR","og_type":"article","og_title":"Cartes cadeaux esth\u00e9tiques | Offrez un soin Victoria Park","og_description":"Offrez le cadeau du bien-\u00eatre. Nos cartes-cadeaux permettent de profiter de traitements m\u00e9dico-esth\u00e9tiques et haut de gamme. Magasinez en ligne.","og_url":"https:\/\/vicpark.com\/fr\/service-a-la-clientele\/cartes-cadeaux\/","og_site_name":"Victoria Park Medispa","article_publisher":"https:\/\/www.facebook.com\/VicParkMedispa","article_modified_time":"2025-12-16T16:12:48+00:00","og_image":[{"width":1024,"height":725,"url":"https:\/\/vicpark.com\/wp-content\/uploads\/2024\/07\/card-1024x725.png","type":"image\/png"}],"twitter_card":"summary_large_image","twitter_misc":{"Est. reading time":"1 minute"},"schema":{"@context":"https:\/\/schema.org","@graph":[{"@type":"WebPage","@id":"https:\/\/vicpark.com\/fr\/service-a-la-clientele\/cartes-cadeaux\/","url":"https:\/\/vicpark.com\/fr\/service-a-la-clientele\/cartes-cadeaux\/","name":"Cartes cadeaux esth\u00e9tiques | Offrez un soin Victoria Park","isPartOf":{"@id":"https:\/\/vicpark.com\/fr\/#website"},"primaryImageOfPage":{"@id":"https:\/\/vicpark.com\/fr\/service-a-la-clientele\/cartes-cadeaux\/#primaryimage"},"image":{"@id":"https:\/\/vicpark.com\/fr\/service-a-la-clientele\/cartes-cadeaux\/#primaryimage"},"thumbnailUrl":"https:\/\/vicpark.com\/wp-content\/uploads\/2024\/07\/card.png","datePublished":"2024-05-21T19:13:36+00:00","dateModified":"2025-12-16T16:12:48+00:00","description":"Offrez le cadeau du bien-\u00eatre. Nos cartes-cadeaux permettent de profiter de traitements m\u00e9dico-esth\u00e9tiques et haut de gamme. Magasinez en ligne.","breadcrumb":{"@id":"https:\/\/vicpark.com\/fr\/service-a-la-clientele\/cartes-cadeaux\/#breadcrumb"},"inLanguage":"fr-FR","potentialAction":[{"@type":"ReadAction","target":["https:\/\/vicpark.com\/fr\/service-a-la-clientele\/cartes-cadeaux\/"]}]},{"@type":"ImageObject","inLanguage":"fr-FR","@id":"https:\/\/vicpark.com\/fr\/service-a-la-clientele\/cartes-cadeaux\/#primaryimage","url":"https:\/\/vicpark.com\/wp-content\/uploads\/2024\/07\/card.png","contentUrl":"https:\/\/vicpark.com\/wp-content\/uploads\/2024\/07\/card.png","width":1440,"height":1020},{"@type":"BreadcrumbList","@id":"https:\/\/vicpark.com\/fr\/service-a-la-clientele\/cartes-cadeaux\/#breadcrumb","itemListElement":[{"@type":"ListItem","position":1,"name":"Accueil","item":"https:\/\/vicpark.com\/fr\/"},{"@type":"ListItem","position":2,"name":"Service \u00e0 la client\u00e8le","item":"https:\/\/vicpark.com\/fr\/service-a-la-clientele\/"},{"@type":"ListItem","position":3,"name":"Cartes cadeaux"}]},{"@type":"WebSite","@id":"https:\/\/vicpark.com\/fr\/#website","url":"https:\/\/vicpark.com\/fr\/","name":"Victoria Park Medispa","description":"","publisher":{"@id":"https:\/\/vicpark.com\/fr\/#organization"},"potentialAction":[{"@type":"SearchAction","target":{"@type":"EntryPoint","urlTemplate":"https:\/\/vicpark.com\/fr\/?s={search_term_string}"},"query-input":{"@type":"PropertyValueSpecification","valueRequired":true,"valueName":"search_term_string"}}],"inLanguage":"fr-FR"},{"@type":"Organization","@id":"https:\/\/vicpark.com\/fr\/#organization","name":"Victoria Park Medispa","url":"https:\/\/vicpark.com\/fr\/","logo":{"@type":"ImageObject","inLanguage":"fr-FR","@id":"https:\/\/vicpark.com\/fr\/#\/schema\/logo\/image\/","url":"https:\/\/vicpark.com\/wp-content\/uploads\/2024\/08\/vp-medispa-HORIZONTAL-logo-black-fr.jpg","contentUrl":"https:\/\/vicpark.com\/wp-content\/uploads\/2024\/08\/vp-medispa-HORIZONTAL-logo-black-fr.jpg","width":696,"height":696,"caption":"Victoria Park Medispa"},"image":{"@id":"https:\/\/vicpark.com\/fr\/#\/schema\/logo\/image\/"},"sameAs":["https:\/\/www.facebook.com\/VicParkMedispa"]}]}},"taxonomy_info":[],"featured_image_src_large":["https:\/\/vicpark.com\/wp-content\/uploads\/2024\/07\/card-1024x725.png",1024,725,true],"author_info":{"display_name":"Thiago Diezel","author_link":"https:\/\/vicpark.com\/fr\/author\/diezel\/"},"comment_info":0,"_links":{"self":[{"href":"https:\/\/vicpark.com\/fr\/wp-json\/wp\/v2\/pages\/1387","targetHints":{"allow":["GET"]}}],"collection":[{"href":"https:\/\/vicpark.com\/fr\/wp-json\/wp\/v2\/pages"}],"about":[{"href":"https:\/\/vicpark.com\/fr\/wp-json\/wp\/v2\/types\/page"}],"author":[{"embeddable":true,"href":"https:\/\/vicpark.com\/fr\/wp-json\/wp\/v2\/users\/2"}],"replies":[{"embeddable":true,"href":"https:\/\/vicpark.com\/fr\/wp-json\/wp\/v2\/comments?post=1387"}],"version-history":[{"count":15,"href":"https:\/\/vicpark.com\/fr\/wp-json\/wp\/v2\/pages\/1387\/revisions"}],"predecessor-version":[{"id":7946,"href":"https:\/\/vicpark.com\/fr\/wp-json\/wp\/v2\/pages\/1387\/revisions\/7946"}],"up":[{"embeddable":true,"href":"https:\/\/vicpark.com\/fr\/wp-json\/wp\/v2\/pages\/1936"}],"wp:featuredmedia":[{"embeddable":true,"href":"https:\/\/vicpark.com\/fr\/wp-json\/wp\/v2\/media\/3251"}],"wp:attachment":[{"href":"https:\/\/vicpark.com\/fr\/wp-json\/wp\/v2\/media?parent=1387"}],"curies":[{"name":"wp","href":"https:\/\/api.w.org\/{rel}","templated":true}]}}