{"id":1394,"date":"2024-05-21T15:13:21","date_gmt":"2024-05-21T19:13:21","guid":{"rendered":"https:\/\/vicpark.com\/payment-plan\/"},"modified":"2025-09-02T14:15:05","modified_gmt":"2025-09-02T18:15:05","slug":"plan-de-financement","status":"publish","type":"page","link":"https:\/\/vicpark.com\/fr\/service-a-la-clientele\/plan-de-financement\/","title":{"rendered":"Plan de financement"},"content":{"rendered":"<div class=\"bk-hero-video active-header\">\r\n<div class=\"bg-image\" data-speed=\"0.3\" style=\"background-image: url(https:\/\/vicpark.com\/wp-content\/uploads\/2024\/07\/payment.png)\"><\/div>\r\n<div id=\"region-container\"><\/div>\r\n\r\n<div class=\"hero-title \">\r\n    <h1 class=\"hero-video-title t-left-animation delay\">\r\n        Plan de financement        <\/h1>\r\n    \r\n    <\/div>\r\n\r\n\r\n<\/div>\r\n<nav class=\"breadcrumb\"><span><span><a href=\"https:\/\/vicpark.com\/fr\/\">Accueil<\/a><\/span><\/span><\/nav>\n\n<div class=\"bk-paragraph-introduction  wrapper-s\" data-speed=\"0.95\">\r\n     \r\n    <div class=\"char-animated-intro\">\r\n        \n\n<h2 class=\"wp-block-heading has-regular-font-family has-large-font-size\" style=\"padding-top:var(--wp--preset--spacing--30);padding-bottom:var(--wp--preset--spacing--30)\"><strong>POURQUOI ATTENDRE? OFFREZ-VOUS LE TRAITEMENT QUE VOUS VOULEZ D\u00c8S AUJOURD\u2019HUI.<\/strong><\/h2>\n\n\n\n<p style=\"font-size:18px\"><strong><mark style=\"background-color:rgba(0, 0, 0, 0)\" class=\"has-inline-color has-orange-color\">B\u00e9n\u00e9ficiez de taux de financement limit\u00e9 aussi bas que 0 %* \u2014 commencez votre transformation d\u00e8s maintenant et payez en plusieurs versements, sans co\u00fbt suppl\u00e9mentaire.\u00a0<\/mark><\/strong><\/p>\n\n\n\n<p style=\"font-size:18px\"><em>Parce qu\u2019investir en soi devrait \u00eatre aussi simple que valorisant.<\/em><\/p>\n\n    <\/div>   \r\n<\/div>\r\n\n\n\n<div class=\"wp-block-group alignfull wrapper-s is-layout-constrained wp-block-group-is-layout-constrained\">\n<h2 class=\"wp-block-heading has-text-align-left has-large-font-size\" style=\"margin-bottom:var(--wp--preset--spacing--30)\">PAIEMENTS MENSUELS SIMPLIFI\u00c9S<\/h2>\n\n\n\n<p>Nous offrons des options de paiement mensuel pour tous les traitements et forfaits de 1 000 $ et plus. Des milliers de personnes au pays ont utilis\u00e9 les paiements mensuels pour se permettre des interventions m\u00e9dicales facultatives sans tracas.<\/p>\n\n\n\n<p>La demande est s\u00e9curis\u00e9e et n\u2019aura aucune incidence sur votre cote de cr\u00e9dit. Il ne vous faudra que trois minutes pour faire votre demande, et vous saurez imm\u00e9diatement si elle est approuv\u00e9e.<\/p>\n\n\n\n<div style=\"height:var(--wp--preset--spacing--30)\" aria-hidden=\"true\" class=\"wp-block-spacer is-style-responsive-small\"><\/div>\n\n\n\n<h3 class=\"wp-block-heading has-text-align-left\"><strong>Principaux avantages de financement:<\/strong><\/h3>\n\n\n\n<ul style=\"margin-bottom:var(--wp--preset--spacing--30);padding-left:var(--wp--preset--spacing--30)\" class=\"wp-block-list has-inter-font-family\">\n<li>Aucune incidence sur votre cote de cr\u00e9dit<\/li>\n\n\n\n<li>Aucune obligation d\u2019accepter une offre de pr\u00eat<\/li>\n\n\n\n<li>Aucune mise de fonds<\/li>\n\n\n\n<li>100 % en ligne<\/li>\n\n\n\n<li>D\u00e9cision d\u2019approbation instantan\u00e9e<\/li>\n\n\n\n<li>Aucune p\u00e9nalit\u00e9 de remboursement anticip\u00e9<\/li>\n\n\n\n<li>Financement sp\u00e9cial offert : taux aussi bas que 0 %* (au lieu de 5 %) pour une dur\u00e9e limit\u00e9e.<\/li>\n\n\n\n<li>Financement disponible de 1 000 $ \u00e0 plus de 50 000 $.<\/li>\n<\/ul>\n\n\n\n<p>Appliquer sur beautifi.com<\/p>\n\n\n\n<h2 class=\"wp-block-heading has-text-align-left has-large-font-size\" style=\"margin-bottom:var(--wp--preset--spacing--30)\">INVESTISSEZ DANS VOTRE SANT\u00c9 ET VOTRE BEAUT\u00c9<\/h2>\n\n\n\n<p>\u00c9tablissez la mensualit\u00e9 qui vous convient le mieux! Beautifi offre des dur\u00e9es de financement flexibles allant de 6 mois \u00e0 6 ans. Vous pouvez en outre choisir de financer le co\u00fbt total ou seulement une partie de l\u2019intervention.<\/p>\n\n\n\n<p class=\"has-text-align-left\"><strong>Demande sans risque<\/strong><br>Faites une demande en ligne en tout temps et obtenez l\u2019approbation en un instant.<\/p>\n\n\n\n<p class=\"has-text-align-left\"><strong>Paiements mensuels flexibles<\/strong><br>Personnalisez vos mensualit\u00e9s sur une dur\u00e9e allant de 6 mois \u00e0 6 ans, avec des montants fixes adapt\u00e9s \u00e0 votre budget.<\/p>\n\n\n\n<p class=\"has-text-align-left\"><strong><strong>Aucuns frais de remboursement anticip\u00e9<\/strong><\/strong><br>Vous avez la possibilit\u00e9 de rembourser en tout temps une partie ou la totalit\u00e9 du pr\u00eat, sans payer de frais de remboursement anticip\u00e9.<\/p>\n\n\n\n<p class=\"has-text-align-left\"><strong>Processus convivial<\/strong><br>Que vous optiez pour un financement partiel ou complet, Beautifi assure une coordination harmonieuse avec votre clinique \u00e0 chaque \u00e9tape.<\/p>\n\n\n\n<h2 class=\"wp-block-heading has-medium-font-size\"><strong>MENTION L\u00c9GALE<\/strong><\/h2>\n\n\n\n<p>Le financement est offert par un fournisseur tiers, Beautifi Solutions Inc. M\u00e9dispa Victoria Park n\u2019est pas affili\u00e9 \u00e0 Beautifi et ne re\u00e7oit aucune compensation li\u00e9e aux approbations de financement. Le financement est sujet \u00e0 l\u2019approbation de cr\u00e9dit et est enti\u00e8rement optionnel.<\/p>\n<\/div>\n\n\n\n<div style=\"height:var(--wp--preset--spacing--40)\" aria-hidden=\"true\" class=\"wp-block-spacer is-style-responsive-medium\"><\/div>\n\n\n\n<p class=\"has-tiny-font-size\">*<em>Financement \u00e0 0 % d\u2019int\u00e9r\u00eat est offert uniquement pour les r\u00e9sidents canadiens dans les cliniques M\u00e9dispa Victoria Park, dans le cadre d\u2019un plan promotionnel, sous r\u00e9serve d\u2019approbation de cr\u00e9dit par Beautifi Solutions Inc. et Beautifi Lending Inc., et disponible pour les montants de 2000 $ ou plus. Le montant minimum pouvant \u00eatre financ\u00e9 est de 1000 $, taxes applicables incluses. Les proc\u00e9dures chirurgicales et l\u2019achat de cartes-cadeaux sont exclus. Beautifi propose une gamme de taux d&#8217;int\u00e9r\u00eat et de plans de financement promotionnels, qui varient en fonction de la solvabilit\u00e9 du demandeur au moment de la demande. Le taux annuel en pourcentage (TAP) varie de 0 % \u00e0 31,99 %, selon le plan choisi et le profil de cr\u00e9dit du demandeur. Des conditions promotionnelles sont disponibles avec des dur\u00e9es commen\u00e7ant \u00e0 6 mois. Pour les demandeurs approuv\u00e9s pour un plan promotionnel, les int\u00e9r\u00eats peuvent \u00eatre diff\u00e9r\u00e9s (\u00e0 l&#8217;exception du Qu\u00e9bec) ou r\u00e9duits pendant la p\u00e9riode promotionnelle. \u00c0 la fin de la p\u00e9riode promotionnelle, si le solde total n&#8217;est pas pay\u00e9, un taux d&#8217;int\u00e9r\u00eat de 21,99 % de TAP sera appliqu\u00e9 au solde restant, sauf indication contraire dans le contrat de pr\u00eat. Ce taux d&#8217;int\u00e9r\u00eat apr\u00e8s la promotion ne s&#8217;applique pas aux r\u00e9sidents du Qu\u00e9bec, o\u00f9 les conditions promotionnelles doivent \u00eatre conformes aux r\u00e9glementations provinciales applicables. Tous les pr\u00eats sont structur\u00e9s avec des paiements fixes \u00e9gaux effectu\u00e9s sur la dur\u00e9e du pr\u00eat. Des frais suppl\u00e9mentaires peuvent s&#8217;appliquer aux soldes non pay\u00e9s en totalit\u00e9 pendant la p\u00e9riode promotionnelle, conform\u00e9ment aux lois provinciales. Tous les plans de financement sont conditionnels \u00e0 la v\u00e9rification r\u00e9ussie de l&#8217;identit\u00e9, \u00e0 l&#8217;accord des termes \u00e9nonc\u00e9s dans le contrat de pr\u00eat, et \u00e0 l&#8217;approbation finale de Beautifi Lending Inc. Les termes complets, y compris les calendriers de remboursement, les frais applicables et les frais d&#8217;int\u00e9r\u00eat, seront clairement divulgu\u00e9s dans le contrat de pr\u00eat fourni \u00e0 l&#8217;emprunteur avant l&#8217;avance de tout fonds. Les emprunteurs sont encourag\u00e9s \u00e0 lire attentivement le contrat avant d&#8217;accepter les conditions de financement. Beautifi Solutions Inc. et Beautifi Lending Inc. se r\u00e9servent le droit d&#8217;approuver ou de refuser les demandes \u00e0 leur seule discr\u00e9tion. Tous les demandeurs ne seront pas admissibles.<\/em>\u00a0<\/p>\n\n\n\n<div style=\"height:var(--wp--preset--spacing--40)\" aria-hidden=\"true\" class=\"wp-block-spacer is-style-responsive-medium\"><\/div>\n","protected":false},"excerpt":{"rendered":"<p>PAIEMENTS MENSUELS SIMPLIFI\u00c9S Nous offrons des options de paiement mensuel pour tous les traitements et forfaits de 1 000 $ et plus. Des milliers de personnes au pays ont utilis\u00e9 les paiements mensuels pour se permettre des interventions m\u00e9dicales facultatives sans tracas. La demande est s\u00e9curis\u00e9e et n\u2019aura aucune incidence sur votre cote de cr\u00e9dit. [&hellip;]<\/p>\n","protected":false},"author":2,"featured_media":1213,"parent":1936,"menu_order":0,"comment_status":"closed","ping_status":"closed","template":"","meta":{"_acf_changed":false,"_kad_blocks_custom_css":"","_kad_blocks_head_custom_js":"","_kad_blocks_body_custom_js":"","_kad_blocks_footer_custom_js":"","footnotes":""},"class_list":["post-1394","page","type-page","status-publish","has-post-thumbnail","hentry"],"acf":[],"yoast_head":"<!-- This site is optimized with the Yoast SEO plugin v27.4 - https:\/\/yoast.com\/product\/yoast-seo-wordpress\/ -->\n<title>Beautifi | Financement de chirurgie et traitement non-invasifs<\/title>\n<meta name=\"description\" content=\"R\u00e9alisez votre transformation avec Beautifi. Un programme de financement flexible pour chirurgie et soins esth\u00e9tiques. Obtenez votre plan sur mesure.\" \/>\n<meta name=\"robots\" content=\"index, follow, max-snippet:-1, max-image-preview:large, max-video-preview:-1\" \/>\n<link rel=\"canonical\" href=\"https:\/\/vicpark.com\/fr\/service-a-la-clientele\/plan-de-financement\/\" \/>\n<meta property=\"og:locale\" content=\"fr_FR\" \/>\n<meta property=\"og:type\" content=\"article\" \/>\n<meta property=\"og:title\" content=\"Beautifi | Financement de chirurgie et traitement non-invasifs\" \/>\n<meta property=\"og:description\" content=\"R\u00e9alisez votre transformation avec Beautifi. Un programme de financement flexible pour chirurgie et soins esth\u00e9tiques. Obtenez votre plan sur mesure.\" \/>\n<meta property=\"og:url\" content=\"https:\/\/vicpark.com\/fr\/service-a-la-clientele\/plan-de-financement\/\" \/>\n<meta property=\"og:site_name\" content=\"Victoria Park Medispa\" \/>\n<meta property=\"article:publisher\" content=\"https:\/\/www.facebook.com\/VicParkMedispa\" \/>\n<meta property=\"article:modified_time\" content=\"2025-09-02T18:15:05+00:00\" \/>\n<meta property=\"og:image\" content=\"https:\/\/vicpark.com\/wp-content\/uploads\/2024\/06\/16.png\" \/>\n\t<meta property=\"og:image:width\" content=\"1500\" \/>\n\t<meta property=\"og:image:height\" content=\"430\" \/>\n\t<meta property=\"og:image:type\" content=\"image\/png\" \/>\n<meta name=\"twitter:card\" content=\"summary_large_image\" \/>\n<meta name=\"twitter:label1\" content=\"Est. reading time\" \/>\n\t<meta name=\"twitter:data1\" content=\"4 minutes\" \/>\n<script type=\"application\/ld+json\" class=\"yoast-schema-graph\">{\"@context\":\"https:\\\/\\\/schema.org\",\"@graph\":[{\"@type\":\"WebPage\",\"@id\":\"https:\\\/\\\/vicpark.com\\\/fr\\\/service-a-la-clientele\\\/plan-de-financement\\\/\",\"url\":\"https:\\\/\\\/vicpark.com\\\/fr\\\/service-a-la-clientele\\\/plan-de-financement\\\/\",\"name\":\"Beautifi | Financement de chirurgie et traitement non-invasifs\",\"isPartOf\":{\"@id\":\"https:\\\/\\\/vicpark.com\\\/fr\\\/#website\"},\"primaryImageOfPage\":{\"@id\":\"https:\\\/\\\/vicpark.com\\\/fr\\\/service-a-la-clientele\\\/plan-de-financement\\\/#primaryimage\"},\"image\":{\"@id\":\"https:\\\/\\\/vicpark.com\\\/fr\\\/service-a-la-clientele\\\/plan-de-financement\\\/#primaryimage\"},\"thumbnailUrl\":\"https:\\\/\\\/vicpark.com\\\/wp-content\\\/uploads\\\/2024\\\/06\\\/16.png\",\"datePublished\":\"2024-05-21T19:13:21+00:00\",\"dateModified\":\"2025-09-02T18:15:05+00:00\",\"description\":\"R\u00e9alisez votre transformation avec Beautifi. Un programme de financement flexible pour chirurgie et soins esth\u00e9tiques. Obtenez votre plan sur mesure.\",\"breadcrumb\":{\"@id\":\"https:\\\/\\\/vicpark.com\\\/fr\\\/service-a-la-clientele\\\/plan-de-financement\\\/#breadcrumb\"},\"inLanguage\":\"fr-FR\",\"potentialAction\":[{\"@type\":\"ReadAction\",\"target\":[\"https:\\\/\\\/vicpark.com\\\/fr\\\/service-a-la-clientele\\\/plan-de-financement\\\/\"]}]},{\"@type\":\"ImageObject\",\"inLanguage\":\"fr-FR\",\"@id\":\"https:\\\/\\\/vicpark.com\\\/fr\\\/service-a-la-clientele\\\/plan-de-financement\\\/#primaryimage\",\"url\":\"https:\\\/\\\/vicpark.com\\\/wp-content\\\/uploads\\\/2024\\\/06\\\/16.png\",\"contentUrl\":\"https:\\\/\\\/vicpark.com\\\/wp-content\\\/uploads\\\/2024\\\/06\\\/16.png\",\"width\":1500,\"height\":430},{\"@type\":\"BreadcrumbList\",\"@id\":\"https:\\\/\\\/vicpark.com\\\/fr\\\/service-a-la-clientele\\\/plan-de-financement\\\/#breadcrumb\",\"itemListElement\":[{\"@type\":\"ListItem\",\"position\":1,\"name\":\"Accueil\",\"item\":\"https:\\\/\\\/vicpark.com\\\/fr\\\/\"},{\"@type\":\"ListItem\",\"position\":2,\"name\":\"Service \u00e0 la client\u00e8le\",\"item\":\"https:\\\/\\\/vicpark.com\\\/fr\\\/service-a-la-clientele\\\/\"},{\"@type\":\"ListItem\",\"position\":3,\"name\":\"Plan de financement\"}]},{\"@type\":\"WebSite\",\"@id\":\"https:\\\/\\\/vicpark.com\\\/fr\\\/#website\",\"url\":\"https:\\\/\\\/vicpark.com\\\/fr\\\/\",\"name\":\"Victoria Park Medispa\",\"description\":\"\",\"publisher\":{\"@id\":\"https:\\\/\\\/vicpark.com\\\/fr\\\/#organization\"},\"potentialAction\":[{\"@type\":\"SearchAction\",\"target\":{\"@type\":\"EntryPoint\",\"urlTemplate\":\"https:\\\/\\\/vicpark.com\\\/fr\\\/?s={search_term_string}\"},\"query-input\":{\"@type\":\"PropertyValueSpecification\",\"valueRequired\":true,\"valueName\":\"search_term_string\"}}],\"inLanguage\":\"fr-FR\"},{\"@type\":\"Organization\",\"@id\":\"https:\\\/\\\/vicpark.com\\\/fr\\\/#organization\",\"name\":\"Victoria Park Medispa\",\"url\":\"https:\\\/\\\/vicpark.com\\\/fr\\\/\",\"logo\":{\"@type\":\"ImageObject\",\"inLanguage\":\"fr-FR\",\"@id\":\"https:\\\/\\\/vicpark.com\\\/fr\\\/#\\\/schema\\\/logo\\\/image\\\/\",\"url\":\"https:\\\/\\\/vicpark.com\\\/wp-content\\\/uploads\\\/2024\\\/08\\\/vp-medispa-HORIZONTAL-logo-black-fr.jpg\",\"contentUrl\":\"https:\\\/\\\/vicpark.com\\\/wp-content\\\/uploads\\\/2024\\\/08\\\/vp-medispa-HORIZONTAL-logo-black-fr.jpg\",\"width\":696,\"height\":696,\"caption\":\"Victoria Park Medispa\"},\"image\":{\"@id\":\"https:\\\/\\\/vicpark.com\\\/fr\\\/#\\\/schema\\\/logo\\\/image\\\/\"},\"sameAs\":[\"https:\\\/\\\/www.facebook.com\\\/VicParkMedispa\"]}]}<\/script>\n<!-- \/ Yoast SEO plugin. -->","yoast_head_json":{"title":"Beautifi | Financement de chirurgie et traitement non-invasifs","description":"R\u00e9alisez votre transformation avec Beautifi. Un programme de financement flexible pour chirurgie et soins esth\u00e9tiques. Obtenez votre plan sur mesure.","robots":{"index":"index","follow":"follow","max-snippet":"max-snippet:-1","max-image-preview":"max-image-preview:large","max-video-preview":"max-video-preview:-1"},"canonical":"https:\/\/vicpark.com\/fr\/service-a-la-clientele\/plan-de-financement\/","og_locale":"fr_FR","og_type":"article","og_title":"Beautifi | Financement de chirurgie et traitement non-invasifs","og_description":"R\u00e9alisez votre transformation avec Beautifi. Un programme de financement flexible pour chirurgie et soins esth\u00e9tiques. Obtenez votre plan sur mesure.","og_url":"https:\/\/vicpark.com\/fr\/service-a-la-clientele\/plan-de-financement\/","og_site_name":"Victoria Park Medispa","article_publisher":"https:\/\/www.facebook.com\/VicParkMedispa","article_modified_time":"2025-09-02T18:15:05+00:00","og_image":[{"width":1500,"height":430,"url":"https:\/\/vicpark.com\/wp-content\/uploads\/2024\/06\/16.png","type":"image\/png"}],"twitter_card":"summary_large_image","twitter_misc":{"Est. reading time":"4 minutes"},"schema":{"@context":"https:\/\/schema.org","@graph":[{"@type":"WebPage","@id":"https:\/\/vicpark.com\/fr\/service-a-la-clientele\/plan-de-financement\/","url":"https:\/\/vicpark.com\/fr\/service-a-la-clientele\/plan-de-financement\/","name":"Beautifi | Financement de chirurgie et traitement non-invasifs","isPartOf":{"@id":"https:\/\/vicpark.com\/fr\/#website"},"primaryImageOfPage":{"@id":"https:\/\/vicpark.com\/fr\/service-a-la-clientele\/plan-de-financement\/#primaryimage"},"image":{"@id":"https:\/\/vicpark.com\/fr\/service-a-la-clientele\/plan-de-financement\/#primaryimage"},"thumbnailUrl":"https:\/\/vicpark.com\/wp-content\/uploads\/2024\/06\/16.png","datePublished":"2024-05-21T19:13:21+00:00","dateModified":"2025-09-02T18:15:05+00:00","description":"R\u00e9alisez votre transformation avec Beautifi. Un programme de financement flexible pour chirurgie et soins esth\u00e9tiques. Obtenez votre plan sur mesure.","breadcrumb":{"@id":"https:\/\/vicpark.com\/fr\/service-a-la-clientele\/plan-de-financement\/#breadcrumb"},"inLanguage":"fr-FR","potentialAction":[{"@type":"ReadAction","target":["https:\/\/vicpark.com\/fr\/service-a-la-clientele\/plan-de-financement\/"]}]},{"@type":"ImageObject","inLanguage":"fr-FR","@id":"https:\/\/vicpark.com\/fr\/service-a-la-clientele\/plan-de-financement\/#primaryimage","url":"https:\/\/vicpark.com\/wp-content\/uploads\/2024\/06\/16.png","contentUrl":"https:\/\/vicpark.com\/wp-content\/uploads\/2024\/06\/16.png","width":1500,"height":430},{"@type":"BreadcrumbList","@id":"https:\/\/vicpark.com\/fr\/service-a-la-clientele\/plan-de-financement\/#breadcrumb","itemListElement":[{"@type":"ListItem","position":1,"name":"Accueil","item":"https:\/\/vicpark.com\/fr\/"},{"@type":"ListItem","position":2,"name":"Service \u00e0 la client\u00e8le","item":"https:\/\/vicpark.com\/fr\/service-a-la-clientele\/"},{"@type":"ListItem","position":3,"name":"Plan de financement"}]},{"@type":"WebSite","@id":"https:\/\/vicpark.com\/fr\/#website","url":"https:\/\/vicpark.com\/fr\/","name":"Victoria Park Medispa","description":"","publisher":{"@id":"https:\/\/vicpark.com\/fr\/#organization"},"potentialAction":[{"@type":"SearchAction","target":{"@type":"EntryPoint","urlTemplate":"https:\/\/vicpark.com\/fr\/?s={search_term_string}"},"query-input":{"@type":"PropertyValueSpecification","valueRequired":true,"valueName":"search_term_string"}}],"inLanguage":"fr-FR"},{"@type":"Organization","@id":"https:\/\/vicpark.com\/fr\/#organization","name":"Victoria Park Medispa","url":"https:\/\/vicpark.com\/fr\/","logo":{"@type":"ImageObject","inLanguage":"fr-FR","@id":"https:\/\/vicpark.com\/fr\/#\/schema\/logo\/image\/","url":"https:\/\/vicpark.com\/wp-content\/uploads\/2024\/08\/vp-medispa-HORIZONTAL-logo-black-fr.jpg","contentUrl":"https:\/\/vicpark.com\/wp-content\/uploads\/2024\/08\/vp-medispa-HORIZONTAL-logo-black-fr.jpg","width":696,"height":696,"caption":"Victoria Park Medispa"},"image":{"@id":"https:\/\/vicpark.com\/fr\/#\/schema\/logo\/image\/"},"sameAs":["https:\/\/www.facebook.com\/VicParkMedispa"]}]}},"taxonomy_info":[],"featured_image_src_large":["https:\/\/vicpark.com\/wp-content\/uploads\/2024\/06\/16-1024x294.png",1024,294,true],"author_info":{"display_name":"Thiago Diezel","author_link":"https:\/\/vicpark.com\/fr\/author\/diezel\/"},"comment_info":0,"_links":{"self":[{"href":"https:\/\/vicpark.com\/fr\/wp-json\/wp\/v2\/pages\/1394","targetHints":{"allow":["GET"]}}],"collection":[{"href":"https:\/\/vicpark.com\/fr\/wp-json\/wp\/v2\/pages"}],"about":[{"href":"https:\/\/vicpark.com\/fr\/wp-json\/wp\/v2\/types\/page"}],"author":[{"embeddable":true,"href":"https:\/\/vicpark.com\/fr\/wp-json\/wp\/v2\/users\/2"}],"replies":[{"embeddable":true,"href":"https:\/\/vicpark.com\/fr\/wp-json\/wp\/v2\/comments?post=1394"}],"version-history":[{"count":41,"href":"https:\/\/vicpark.com\/fr\/wp-json\/wp\/v2\/pages\/1394\/revisions"}],"predecessor-version":[{"id":11185,"href":"https:\/\/vicpark.com\/fr\/wp-json\/wp\/v2\/pages\/1394\/revisions\/11185"}],"up":[{"embeddable":true,"href":"https:\/\/vicpark.com\/fr\/wp-json\/wp\/v2\/pages\/1936"}],"wp:featuredmedia":[{"embeddable":true,"href":"https:\/\/vicpark.com\/fr\/wp-json\/wp\/v2\/media\/1213"}],"wp:attachment":[{"href":"https:\/\/vicpark.com\/fr\/wp-json\/wp\/v2\/media?parent=1394"}],"curies":[{"name":"wp","href":"https:\/\/api.w.org\/{rel}","templated":true}]}}