{"id":1402,"date":"2024-05-21T15:12:25","date_gmt":"2024-05-21T19:12:25","guid":{"rendered":"https:\/\/vicpark.com\/clinic-research\/"},"modified":"2026-02-16T12:45:21","modified_gmt":"2026-02-16T17:45:21","slug":"recherches-cliniques","status":"publish","type":"page","link":"https:\/\/vicpark.com\/fr\/a-propos\/recherches-cliniques\/","title":{"rendered":"Recherches cliniques"},"content":{"rendered":"<div class=\"bk-hero-video active-header\">\r\n<div class=\"bg-image\" data-speed=\"0.3\" style=\"background-image: url(https:\/\/vicpark.com\/wp-content\/uploads\/2024\/08\/INJECT_banner_NATURAL-COLLAGEN.jpg)\"><\/div>\r\n<div id=\"region-container\"><\/div>\r\n\r\n<div class=\"hero-title \">\r\n    <h1 class=\"hero-video-title t-left-animation delay\">\r\n        Recherches cliniques        <\/h1>\r\n    \r\n    <\/div>\r\n\r\n\r\n<\/div>\r\n<nav class=\"breadcrumb\"><span><span><a href=\"https:\/\/vicpark.com\/fr\/\">Accueil<\/a><\/span><\/span><\/nav>\n\n\n<div style=\"height:var(--wp--preset--spacing--30)\" aria-hidden=\"true\" class=\"wp-block-spacer is-style-responsive-medium\"><\/div>\n\n\n<div class=\"bk-line-listing-experts wrapper\">\r\n        <div class=\"line-listing-experts--item\">\r\n                    <ul class=\"working-clinics\">\r\n                                <li><a href=\"https:\/\/vicpark.com\/fr\/cliniques\/westmount\/\" class=\"location-tag\">Westmount<\/a><\/li>\r\n                            <\/ul>\r\n                <div class=\"image\">\r\n            <img decoding=\"async\" src=\"https:\/\/vicpark.com\/wp-content\/uploads\/2024\/05\/Dr.-Nikolis-Victoria-Park-Medispa-edit-232x128.png\">\r\n        <\/div>\r\n        <div class=\"content\">\r\n            <h3><span class=\"title\">Dr<\/span><div class=\"t-left-animation\">Andreas Nikolis<\/div><\/h3>\r\n            <span>Chirurgien Plasticien &#038; Directeur M\u00e9dical National<\/span>\r\n                    <\/div>\r\n    <\/div>\r\n    <\/div>\r\n\n\n\n<div class=\"wp-block-group wrapper-s is-layout-constrained wp-block-group-is-layout-constrained\">\n<p><a href=\"https:\/\/vicpark.com\/fr\/expert\/andreas-nikolis\/\">Dr Nikolis<\/a>, chirurgien plasticien, est le fondateur et le directeur du Centre des \u00e9tudes cliniques de Victoria Park, cr\u00e9\u00e9 en 2011, afin de fournir un soutien sans pareil aux \u00e9tudes cliniques, couvrant tous les aspects de la m\u00e9decine esth\u00e9tique et du rajeunissement. Des \u00e9tudes portant sur l\u2019esth\u00e9tique et la dermatologie impliquant des traitements chirurgicaux et non-chirurgicaux ont \u00e9t\u00e9 r\u00e9alis\u00e9es.<\/p>\n\n\n\n<p>Lorsque vous participez \u00e0 un essai clinique, vous b\u00e9n\u00e9ficiez non seulement de l\u2019acc\u00e8s \u00e0 de nouveaux traitements exp\u00e9rimentaux, mais vous avez \u00e9galement la satisfaction de savoir que vous aidez d\u2019autres patients, en faisant progresser nos connaissances sur diff\u00e9rentes conditions dermatologiques et le traitement de celle-ci. Vous trouverez ci-dessous des informations sur les \u00e9tudes que nous menons actuellement.<\/p>\n\n\n\n<div style=\"height:var(--wp--preset--spacing--40)\" aria-hidden=\"true\" class=\"wp-block-spacer is-style-responsive-medium\"><\/div>\n\n\n\n<h3 class=\"wp-block-heading\">CLIQUEZ SUR LES \u00c9TUDES CI-DESSOUS POUR D\u00c9TERMINER SI VOUS \u00caTES \u00c9LIGIBLE.<\/h3>\n\n\n\n<div style=\"height:var(--wp--preset--spacing--30)\" aria-hidden=\"true\" class=\"wp-block-spacer is-style-responsive-medium\"><\/div>\n<\/div>\n\n\n\n<div class=\"wp-block-columns are-vertically-aligned-center wrapper-s is-layout-flex wp-container-core-columns-is-layout-ec1ca911 wp-block-columns-is-layout-flex\" style=\"margin-bottom:var(--wp--preset--spacing--30)\">\n<div class=\"wp-block-column is-vertically-aligned-center is-layout-flow wp-block-column-is-layout-flow\">\n<div class=\"wp-block-cover is-light wp-duotone-unset-1\" style=\"min-height:300px;aspect-ratio:unset;\"><img decoding=\"async\" width=\"819\" height=\"1024\" class=\"wp-block-cover__image-background wp-image-15781 size-large\" alt=\"\" src=\"https:\/\/vicpark.com\/wp-content\/uploads\/2026\/02\/Untitled-design-26-819x1024.png\" data-object-fit=\"cover\" srcset=\"https:\/\/vicpark.com\/wp-content\/uploads\/2026\/02\/Untitled-design-26-819x1024.png 819w, https:\/\/vicpark.com\/wp-content\/uploads\/2026\/02\/Untitled-design-26-240x300.png 240w, https:\/\/vicpark.com\/wp-content\/uploads\/2026\/02\/Untitled-design-26-768x960.png 768w, https:\/\/vicpark.com\/wp-content\/uploads\/2026\/02\/Untitled-design-26-500x625.png 500w, https:\/\/vicpark.com\/wp-content\/uploads\/2026\/02\/Untitled-design-26.png 1080w\" sizes=\"(max-width: 819px) 100vw, 819px\" \/><span aria-hidden=\"true\" class=\"wp-block-cover__background has-background-dim-0 has-background-dim\" style=\"background-color:#decac6\"><\/span><div class=\"wp-block-cover__inner-container is-layout-flow wp-block-cover-is-layout-flow\">\n<p class=\"has-black-color has-text-color has-link-color wp-elements-de35f9caeb5c13e0b6fb2f1be1de3a29\"><a href=\"https:\/\/vicpark.com\/fr\/service-a-la-clientele\/etude-clinique-interet-pour-nos-futures-etudes-visage-et-corps\/\"><strong>Int\u00e9r\u00eat pour nos futures \u00e9tudes (visage et corps)<\/strong><br>Recrutement ouvert<\/a><\/p>\n<\/div><\/div>\n<\/div>\n\n\n\n<div class=\"wp-block-column is-vertically-aligned-center is-layout-flow wp-block-column-is-layout-flow\">\n<div class=\"wp-block-cover is-light wp-duotone-dark-grayscale\" style=\"min-height:300px;aspect-ratio:unset;\"><img decoding=\"async\" width=\"1604\" height=\"1201\" class=\"wp-block-cover__image-background wp-image-2552\" alt=\"\" src=\"https:\/\/vicpark.com\/wp-content\/uploads\/2024\/07\/injection2-copy.jpg\" data-object-fit=\"cover\" srcset=\"https:\/\/vicpark.com\/wp-content\/uploads\/2024\/07\/injection2-copy.jpg 1604w, https:\/\/vicpark.com\/wp-content\/uploads\/2024\/07\/injection2-copy-300x225.jpg 300w, https:\/\/vicpark.com\/wp-content\/uploads\/2024\/07\/injection2-copy-1024x767.jpg 1024w, https:\/\/vicpark.com\/wp-content\/uploads\/2024\/07\/injection2-copy-768x575.jpg 768w, https:\/\/vicpark.com\/wp-content\/uploads\/2024\/07\/injection2-copy-1536x1150.jpg 1536w\" sizes=\"(max-width: 1604px) 100vw, 1604px\" \/><span aria-hidden=\"true\" class=\"wp-block-cover__background has-background-dim-0 has-background-dim\" style=\"background-color:#c5b0a3\"><\/span><div class=\"wp-block-cover__inner-container is-layout-flow wp-block-cover-is-layout-flow\">\n<p class=\"has-white-color has-text-color has-link-color wp-elements-6e9c0f051bc5fbf2e07ccffefd4154cb\"><strong>\u00c9tude sur l\u2019int\u00e9gration des agents de comblement injectables<\/strong><br>Recrutement termin\u00e9<\/p>\n<\/div><\/div>\n<\/div>\n\n\n\n<div class=\"wp-block-column is-vertically-aligned-center is-layout-flow wp-block-column-is-layout-flow\">\n<div class=\"wp-block-cover is-light wp-duotone-dark-grayscale\" style=\"min-height:300px;aspect-ratio:unset;\"><img decoding=\"async\" width=\"300\" height=\"225\" class=\"wp-block-cover__image-background wp-image-2554\" alt=\"\" src=\"https:\/\/vicpark.com\/wp-content\/uploads\/2024\/07\/iStock-1225037490_jawline.png\" data-object-fit=\"cover\"\/><span aria-hidden=\"true\" class=\"wp-block-cover__background has-background-dim-0 has-background-dim\" style=\"background-color:#d9c7c1\"><\/span><div class=\"wp-block-cover__inner-container is-layout-flow wp-block-cover-is-layout-flow\">\n<p class=\"has-white-color has-text-color has-link-color wp-elements-96e52222d9ba1b3c5d6827e1aaa798c9\"><strong>Contour non chirurgical de la m\u00e2choire et du menton<\/strong><br>Recrutement termin\u00e9<\/p>\n<\/div><\/div>\n<\/div>\n<\/div>\n\n\n\n<div class=\"wp-block-columns are-vertically-aligned-center wrapper-s is-layout-flex wp-container-core-columns-is-layout-ec1ca911 wp-block-columns-is-layout-flex\" style=\"margin-bottom:var(--wp--preset--spacing--30)\">\n<div class=\"wp-block-column is-vertically-aligned-center is-layout-flow wp-block-column-is-layout-flow\">\n<div class=\"wp-block-cover is-light wp-duotone-dark-grayscale\" style=\"min-height:300px;aspect-ratio:unset;\"><img decoding=\"async\" width=\"300\" height=\"225\" class=\"wp-block-cover__image-background wp-image-2546\" alt=\"\" src=\"https:\/\/vicpark.com\/wp-content\/uploads\/2024\/07\/Temporal-study-1.png\" data-object-fit=\"cover\"\/><span aria-hidden=\"true\" class=\"wp-block-cover__background has-background-dim-0 has-background-dim\" style=\"background-color:#d9c7c1\"><\/span><div class=\"wp-block-cover__inner-container is-layout-flow wp-block-cover-is-layout-flow\">\n<p class=\"has-white-color has-text-color has-link-color wp-elements-ded32eeefec6f01283bbd756f18af24a\"><strong>\u00c9tude sur l\u2019am\u00e9lioration des tempes creuses<\/strong><br>Recrutement termin\u00e9<\/p>\n<\/div><\/div>\n<\/div>\n\n\n\n<div class=\"wp-block-column is-vertically-aligned-center is-layout-flow wp-block-column-is-layout-flow\">\n<div class=\"wp-block-cover wp-duotone-dark-grayscale\" style=\"min-height:300px;aspect-ratio:unset;\"><img decoding=\"async\" width=\"300\" height=\"225\" class=\"wp-block-cover__image-background wp-image-1178\" alt=\"\" src=\"https:\/\/vicpark.com\/wp-content\/uploads\/2024\/06\/jawline-study-thumbnail.jpeg\" data-object-fit=\"cover\"\/><span aria-hidden=\"true\" class=\"wp-block-cover__background has-background-dim-0 has-background-dim\" style=\"background-color:#70635b\"><\/span><div class=\"wp-block-cover__inner-container is-layout-flow wp-block-cover-is-layout-flow\">\n<p><strong>\u00c9tude sur l\u2019am\u00e9lioration de la m\u00e2choire<\/strong><br>Recrutement termin\u00e9<\/p>\n<\/div><\/div>\n<\/div>\n\n\n\n<div class=\"wp-block-column is-vertically-aligned-center is-layout-flow wp-block-column-is-layout-flow\">\n<div class=\"wp-block-cover is-light wp-duotone-dark-grayscale\" style=\"min-height:300px;aspect-ratio:unset;\"><img decoding=\"async\" width=\"300\" height=\"225\" class=\"wp-block-cover__image-background wp-image-1166\" alt=\"\" src=\"https:\/\/vicpark.com\/wp-content\/uploads\/2024\/06\/acne-study.jpeg\" data-object-fit=\"cover\"\/><span aria-hidden=\"true\" class=\"wp-block-cover__background has-background-dim-0 has-background-dim\" style=\"background-color:#c5b0a3\"><\/span><div class=\"wp-block-cover__inner-container is-layout-flow wp-block-cover-is-layout-flow\">\n<p class=\"has-white-color has-text-color has-link-color wp-elements-f8f08c133be89bb9635fd32e23eba9ba\"><strong>\u00c9tude sur l\u2019acn\u00e9 l\u00e9g\u00e8re \u00e0 mod\u00e9r\u00e9e<\/strong><br>Recrutement termin\u00e9<\/p>\n<\/div><\/div>\n<\/div>\n<\/div>\n\n\n\n<div class=\"wp-block-columns are-vertically-aligned-center wrapper-s is-layout-flex wp-container-core-columns-is-layout-ec1ca911 wp-block-columns-is-layout-flex\" style=\"margin-bottom:var(--wp--preset--spacing--30)\">\n<div class=\"wp-block-column is-vertically-aligned-center is-layout-flow wp-block-column-is-layout-flow\">\n<div class=\"wp-block-cover is-light wp-duotone-dark-grayscale\" style=\"min-height:300px;aspect-ratio:unset;\"><img decoding=\"async\" width=\"300\" height=\"225\" class=\"wp-block-cover__image-background wp-image-1170\" alt=\"\" src=\"https:\/\/vicpark.com\/wp-content\/uploads\/2024\/06\/frown-line.jpeg\" data-object-fit=\"cover\"\/><span aria-hidden=\"true\" class=\"wp-block-cover__background has-background-dim-0 has-background-dim\" style=\"background-color:#d9c7c1\"><\/span><div class=\"wp-block-cover__inner-container is-layout-flow wp-block-cover-is-layout-flow\">\n<p class=\"has-white-color has-text-color has-link-color wp-elements-b90f714ff03a1228a7f0d6100bbea02a\"><strong>Non-surgical frown lines treatment<\/strong><br>Recrutement termin\u00e9<\/p>\n<\/div><\/div>\n<\/div>\n\n\n\n<div class=\"wp-block-column is-vertically-aligned-center is-layout-flow wp-block-column-is-layout-flow\">\n<div class=\"wp-block-cover is-light wp-duotone-dark-grayscale\" style=\"min-height:300px;aspect-ratio:unset;\"><img decoding=\"async\" width=\"300\" height=\"225\" class=\"wp-block-cover__image-background wp-image-1182\" alt=\"\" src=\"https:\/\/vicpark.com\/wp-content\/uploads\/2024\/06\/temple-hollow-home-web.jpg\" data-object-fit=\"cover\"\/><span aria-hidden=\"true\" class=\"wp-block-cover__background has-background-dim-0 has-background-dim\" style=\"background-color:#70635b\"><\/span><div class=\"wp-block-cover__inner-container is-layout-flow wp-block-cover-is-layout-flow\">\n<p class=\"has-white-color has-text-color has-link-color wp-elements-5a4d2d70ef7942718c8b64d8b1325d52\"><strong>Comblement non chirurgical des tempes et des joues creuses<\/strong><br>Recrutement termin\u00e9<\/p>\n<\/div><\/div>\n<\/div>\n\n\n\n<div class=\"wp-block-column is-vertically-aligned-center is-layout-flow wp-block-column-is-layout-flow\">\n<div class=\"wp-block-cover wp-duotone-dark-grayscale\" style=\"min-height:300px;aspect-ratio:unset;\"><img decoding=\"async\" width=\"1024\" height=\"683\" class=\"wp-block-cover__image-background wp-image-2723 size-large\" alt=\"\" src=\"https:\/\/vicpark.com\/wp-content\/uploads\/2024\/07\/iStock-1289422410-2048x1365-1-1024x683.jpg\" data-object-fit=\"cover\" srcset=\"https:\/\/vicpark.com\/wp-content\/uploads\/2024\/07\/iStock-1289422410-2048x1365-1-1024x683.jpg 1024w, https:\/\/vicpark.com\/wp-content\/uploads\/2024\/07\/iStock-1289422410-2048x1365-1-300x200.jpg 300w, https:\/\/vicpark.com\/wp-content\/uploads\/2024\/07\/iStock-1289422410-2048x1365-1-768x512.jpg 768w, https:\/\/vicpark.com\/wp-content\/uploads\/2024\/07\/iStock-1289422410-2048x1365-1-1536x1024.jpg 1536w, https:\/\/vicpark.com\/wp-content\/uploads\/2024\/07\/iStock-1289422410-2048x1365-1-120x80.jpg 120w, https:\/\/vicpark.com\/wp-content\/uploads\/2024\/07\/iStock-1289422410-2048x1365-1.jpg 2048w\" sizes=\"(max-width: 1024px) 100vw, 1024px\" \/><span aria-hidden=\"true\" class=\"wp-block-cover__background has-background-dim-40 has-background-dim\"><\/span><div class=\"wp-block-cover__inner-container is-layout-flow wp-block-cover-is-layout-flow\">\n<p class=\"has-white-color has-text-color has-link-color wp-elements-fc43f5d142f6338eef790bb4adb52e5d\">Gestion des probl\u00e9matiques cutan\u00e9es post-m\u00e9nopausiques par l\u2019utilisation d\u2019injectables Recrutement termin\u00e9<\/p>\n<\/div><\/div>\n<\/div>\n<\/div>\n\n\n\n<div class=\"wp-block-columns are-vertically-aligned-center wrapper-s is-layout-flex wp-container-core-columns-is-layout-28f84493 wp-block-columns-is-layout-flex\">\n<div class=\"wp-block-column is-vertically-aligned-center is-layout-flow wp-block-column-is-layout-flow\"><\/div>\n\n\n\n<div class=\"wp-block-column is-vertically-aligned-center is-layout-flow wp-block-column-is-layout-flow\"><\/div>\n\n\n\n<div class=\"wp-block-column is-vertically-aligned-center is-layout-flow wp-block-column-is-layout-flow\"><\/div>\n<\/div>\n\n\n<div class=\"bk-mini-circle-reveal wrapper\">\r\n    <div class=\"bk-mini-circle-reveal--container\">\r\n        <div class=\"bk-mini-circle-reveal--description\">\r\n            <h3 class=\"t-left-animation\">Inscrivez-vous \u00e0 l&#8217;infolettre<\/h3>\r\n            <p>Soyez l&#8217;un des premiers inform\u00e9s lorsque nous commencerons \u00e0 recruter pour une nouvelle \u00e9tude.<\/p>\n            <div class=\"wp-block-button main-button\"><a target=\"\" href=\"https:\/\/vicpark.com\/fr\/service-a-la-clientele\/newsletter\/\" class=\"wp-block-button__link has-text-align-center wp-element-button void\">Inscription<\/a><\/div>\r\n        <\/div>\r\n    <\/div>\r\n<\/div>\n\n\n<div style=\"height:100px\" aria-hidden=\"true\" class=\"wp-block-spacer\"><\/div>\n","protected":false},"excerpt":{"rendered":"<p>Dr Nikolis, chirurgien plasticien, est le fondateur et le directeur du Centre des \u00e9tudes cliniques de Victoria Park, cr\u00e9\u00e9 en 2011, afin de fournir un soutien sans pareil aux \u00e9tudes cliniques, couvrant tous les aspects de la m\u00e9decine esth\u00e9tique et du rajeunissement. Des \u00e9tudes portant sur l\u2019esth\u00e9tique et la dermatologie impliquant des traitements chirurgicaux et [&hellip;]<\/p>\n","protected":false},"author":2,"featured_media":1432,"parent":1929,"menu_order":0,"comment_status":"closed","ping_status":"closed","template":"","meta":{"_acf_changed":false,"_kad_blocks_custom_css":"","_kad_blocks_head_custom_js":"","_kad_blocks_body_custom_js":"","_kad_blocks_footer_custom_js":"","footnotes":""},"class_list":["post-1402","page","type-page","status-publish","has-post-thumbnail","hentry"],"acf":[],"yoast_head":"<!-- This site is optimized with the Yoast SEO plugin v27.4 - https:\/\/yoast.com\/product\/yoast-seo-wordpress\/ -->\n<title>Recherches cliniques | Victoria Park Medispa<\/title>\n<meta name=\"robots\" content=\"index, follow, max-snippet:-1, max-image-preview:large, max-video-preview:-1\" \/>\n<link rel=\"canonical\" href=\"https:\/\/vicpark.com\/fr\/a-propos\/recherches-cliniques\/\" \/>\n<meta property=\"og:locale\" content=\"fr_FR\" \/>\n<meta property=\"og:type\" content=\"article\" \/>\n<meta property=\"og:title\" content=\"Recherches cliniques | Victoria Park Medispa\" \/>\n<meta property=\"og:description\" content=\"Dr Nikolis, chirurgien plasticien, est le fondateur et le directeur du Centre des \u00e9tudes cliniques de Victoria Park, cr\u00e9\u00e9 en 2011, afin de fournir un soutien sans pareil aux \u00e9tudes cliniques, couvrant tous les aspects de la m\u00e9decine esth\u00e9tique et du rajeunissement. Des \u00e9tudes portant sur l\u2019esth\u00e9tique et la dermatologie impliquant des traitements chirurgicaux et [&hellip;]\" \/>\n<meta property=\"og:url\" content=\"https:\/\/vicpark.com\/fr\/a-propos\/recherches-cliniques\/\" \/>\n<meta property=\"og:site_name\" content=\"Victoria Park Medispa\" \/>\n<meta property=\"article:publisher\" content=\"https:\/\/www.facebook.com\/VicParkMedispa\" \/>\n<meta property=\"article:modified_time\" content=\"2026-02-16T17:45:21+00:00\" \/>\n<meta property=\"og:image\" content=\"https:\/\/vicpark.com\/wp-content\/uploads\/2024\/06\/research.jpg\" \/>\n\t<meta property=\"og:image:width\" content=\"1500\" \/>\n\t<meta property=\"og:image:height\" content=\"430\" \/>\n\t<meta property=\"og:image:type\" content=\"image\/jpeg\" \/>\n<meta name=\"twitter:card\" content=\"summary_large_image\" \/>\n<meta name=\"twitter:label1\" content=\"Est. reading time\" \/>\n\t<meta name=\"twitter:data1\" content=\"3 minutes\" \/>\n<script type=\"application\/ld+json\" class=\"yoast-schema-graph\">{\"@context\":\"https:\\\/\\\/schema.org\",\"@graph\":[{\"@type\":\"WebPage\",\"@id\":\"https:\\\/\\\/vicpark.com\\\/fr\\\/a-propos\\\/recherches-cliniques\\\/\",\"url\":\"https:\\\/\\\/vicpark.com\\\/fr\\\/a-propos\\\/recherches-cliniques\\\/\",\"name\":\"Recherches cliniques | Victoria Park Medispa\",\"isPartOf\":{\"@id\":\"https:\\\/\\\/vicpark.com\\\/fr\\\/#website\"},\"primaryImageOfPage\":{\"@id\":\"https:\\\/\\\/vicpark.com\\\/fr\\\/a-propos\\\/recherches-cliniques\\\/#primaryimage\"},\"image\":{\"@id\":\"https:\\\/\\\/vicpark.com\\\/fr\\\/a-propos\\\/recherches-cliniques\\\/#primaryimage\"},\"thumbnailUrl\":\"https:\\\/\\\/vicpark.com\\\/wp-content\\\/uploads\\\/2024\\\/06\\\/research.jpg\",\"datePublished\":\"2024-05-21T19:12:25+00:00\",\"dateModified\":\"2026-02-16T17:45:21+00:00\",\"breadcrumb\":{\"@id\":\"https:\\\/\\\/vicpark.com\\\/fr\\\/a-propos\\\/recherches-cliniques\\\/#breadcrumb\"},\"inLanguage\":\"fr-FR\",\"potentialAction\":[{\"@type\":\"ReadAction\",\"target\":[\"https:\\\/\\\/vicpark.com\\\/fr\\\/a-propos\\\/recherches-cliniques\\\/\"]}]},{\"@type\":\"ImageObject\",\"inLanguage\":\"fr-FR\",\"@id\":\"https:\\\/\\\/vicpark.com\\\/fr\\\/a-propos\\\/recherches-cliniques\\\/#primaryimage\",\"url\":\"https:\\\/\\\/vicpark.com\\\/wp-content\\\/uploads\\\/2024\\\/06\\\/research.jpg\",\"contentUrl\":\"https:\\\/\\\/vicpark.com\\\/wp-content\\\/uploads\\\/2024\\\/06\\\/research.jpg\",\"width\":1500,\"height\":430},{\"@type\":\"BreadcrumbList\",\"@id\":\"https:\\\/\\\/vicpark.com\\\/fr\\\/a-propos\\\/recherches-cliniques\\\/#breadcrumb\",\"itemListElement\":[{\"@type\":\"ListItem\",\"position\":1,\"name\":\"Accueil\",\"item\":\"https:\\\/\\\/vicpark.com\\\/fr\\\/\"},{\"@type\":\"ListItem\",\"position\":2,\"name\":\"\u00c0 propos\",\"item\":\"https:\\\/\\\/vicpark.com\\\/fr\\\/a-propos\\\/\"},{\"@type\":\"ListItem\",\"position\":3,\"name\":\"Recherches cliniques\"}]},{\"@type\":\"WebSite\",\"@id\":\"https:\\\/\\\/vicpark.com\\\/fr\\\/#website\",\"url\":\"https:\\\/\\\/vicpark.com\\\/fr\\\/\",\"name\":\"Victoria Park Medispa\",\"description\":\"\",\"publisher\":{\"@id\":\"https:\\\/\\\/vicpark.com\\\/fr\\\/#organization\"},\"potentialAction\":[{\"@type\":\"SearchAction\",\"target\":{\"@type\":\"EntryPoint\",\"urlTemplate\":\"https:\\\/\\\/vicpark.com\\\/fr\\\/?s={search_term_string}\"},\"query-input\":{\"@type\":\"PropertyValueSpecification\",\"valueRequired\":true,\"valueName\":\"search_term_string\"}}],\"inLanguage\":\"fr-FR\"},{\"@type\":\"Organization\",\"@id\":\"https:\\\/\\\/vicpark.com\\\/fr\\\/#organization\",\"name\":\"Victoria Park Medispa\",\"url\":\"https:\\\/\\\/vicpark.com\\\/fr\\\/\",\"logo\":{\"@type\":\"ImageObject\",\"inLanguage\":\"fr-FR\",\"@id\":\"https:\\\/\\\/vicpark.com\\\/fr\\\/#\\\/schema\\\/logo\\\/image\\\/\",\"url\":\"https:\\\/\\\/vicpark.com\\\/wp-content\\\/uploads\\\/2024\\\/08\\\/vp-medispa-HORIZONTAL-logo-black-fr.jpg\",\"contentUrl\":\"https:\\\/\\\/vicpark.com\\\/wp-content\\\/uploads\\\/2024\\\/08\\\/vp-medispa-HORIZONTAL-logo-black-fr.jpg\",\"width\":696,\"height\":696,\"caption\":\"Victoria Park Medispa\"},\"image\":{\"@id\":\"https:\\\/\\\/vicpark.com\\\/fr\\\/#\\\/schema\\\/logo\\\/image\\\/\"},\"sameAs\":[\"https:\\\/\\\/www.facebook.com\\\/VicParkMedispa\"]}]}<\/script>\n<!-- \/ Yoast SEO plugin. -->","yoast_head_json":{"title":"Recherches cliniques | Victoria Park Medispa","robots":{"index":"index","follow":"follow","max-snippet":"max-snippet:-1","max-image-preview":"max-image-preview:large","max-video-preview":"max-video-preview:-1"},"canonical":"https:\/\/vicpark.com\/fr\/a-propos\/recherches-cliniques\/","og_locale":"fr_FR","og_type":"article","og_title":"Recherches cliniques | Victoria Park Medispa","og_description":"Dr Nikolis, chirurgien plasticien, est le fondateur et le directeur du Centre des \u00e9tudes cliniques de Victoria Park, cr\u00e9\u00e9 en 2011, afin de fournir un soutien sans pareil aux \u00e9tudes cliniques, couvrant tous les aspects de la m\u00e9decine esth\u00e9tique et du rajeunissement. Des \u00e9tudes portant sur l\u2019esth\u00e9tique et la dermatologie impliquant des traitements chirurgicaux et [&hellip;]","og_url":"https:\/\/vicpark.com\/fr\/a-propos\/recherches-cliniques\/","og_site_name":"Victoria Park Medispa","article_publisher":"https:\/\/www.facebook.com\/VicParkMedispa","article_modified_time":"2026-02-16T17:45:21+00:00","og_image":[{"width":1500,"height":430,"url":"https:\/\/vicpark.com\/wp-content\/uploads\/2024\/06\/research.jpg","type":"image\/jpeg"}],"twitter_card":"summary_large_image","twitter_misc":{"Est. reading time":"3 minutes"},"schema":{"@context":"https:\/\/schema.org","@graph":[{"@type":"WebPage","@id":"https:\/\/vicpark.com\/fr\/a-propos\/recherches-cliniques\/","url":"https:\/\/vicpark.com\/fr\/a-propos\/recherches-cliniques\/","name":"Recherches cliniques | Victoria Park Medispa","isPartOf":{"@id":"https:\/\/vicpark.com\/fr\/#website"},"primaryImageOfPage":{"@id":"https:\/\/vicpark.com\/fr\/a-propos\/recherches-cliniques\/#primaryimage"},"image":{"@id":"https:\/\/vicpark.com\/fr\/a-propos\/recherches-cliniques\/#primaryimage"},"thumbnailUrl":"https:\/\/vicpark.com\/wp-content\/uploads\/2024\/06\/research.jpg","datePublished":"2024-05-21T19:12:25+00:00","dateModified":"2026-02-16T17:45:21+00:00","breadcrumb":{"@id":"https:\/\/vicpark.com\/fr\/a-propos\/recherches-cliniques\/#breadcrumb"},"inLanguage":"fr-FR","potentialAction":[{"@type":"ReadAction","target":["https:\/\/vicpark.com\/fr\/a-propos\/recherches-cliniques\/"]}]},{"@type":"ImageObject","inLanguage":"fr-FR","@id":"https:\/\/vicpark.com\/fr\/a-propos\/recherches-cliniques\/#primaryimage","url":"https:\/\/vicpark.com\/wp-content\/uploads\/2024\/06\/research.jpg","contentUrl":"https:\/\/vicpark.com\/wp-content\/uploads\/2024\/06\/research.jpg","width":1500,"height":430},{"@type":"BreadcrumbList","@id":"https:\/\/vicpark.com\/fr\/a-propos\/recherches-cliniques\/#breadcrumb","itemListElement":[{"@type":"ListItem","position":1,"name":"Accueil","item":"https:\/\/vicpark.com\/fr\/"},{"@type":"ListItem","position":2,"name":"\u00c0 propos","item":"https:\/\/vicpark.com\/fr\/a-propos\/"},{"@type":"ListItem","position":3,"name":"Recherches cliniques"}]},{"@type":"WebSite","@id":"https:\/\/vicpark.com\/fr\/#website","url":"https:\/\/vicpark.com\/fr\/","name":"Victoria Park Medispa","description":"","publisher":{"@id":"https:\/\/vicpark.com\/fr\/#organization"},"potentialAction":[{"@type":"SearchAction","target":{"@type":"EntryPoint","urlTemplate":"https:\/\/vicpark.com\/fr\/?s={search_term_string}"},"query-input":{"@type":"PropertyValueSpecification","valueRequired":true,"valueName":"search_term_string"}}],"inLanguage":"fr-FR"},{"@type":"Organization","@id":"https:\/\/vicpark.com\/fr\/#organization","name":"Victoria Park Medispa","url":"https:\/\/vicpark.com\/fr\/","logo":{"@type":"ImageObject","inLanguage":"fr-FR","@id":"https:\/\/vicpark.com\/fr\/#\/schema\/logo\/image\/","url":"https:\/\/vicpark.com\/wp-content\/uploads\/2024\/08\/vp-medispa-HORIZONTAL-logo-black-fr.jpg","contentUrl":"https:\/\/vicpark.com\/wp-content\/uploads\/2024\/08\/vp-medispa-HORIZONTAL-logo-black-fr.jpg","width":696,"height":696,"caption":"Victoria Park Medispa"},"image":{"@id":"https:\/\/vicpark.com\/fr\/#\/schema\/logo\/image\/"},"sameAs":["https:\/\/www.facebook.com\/VicParkMedispa"]}]}},"taxonomy_info":[],"featured_image_src_large":["https:\/\/vicpark.com\/wp-content\/uploads\/2024\/06\/research-1024x294.jpg",1024,294,true],"author_info":{"display_name":"Thiago Diezel","author_link":"https:\/\/vicpark.com\/fr\/author\/diezel\/"},"comment_info":0,"_links":{"self":[{"href":"https:\/\/vicpark.com\/fr\/wp-json\/wp\/v2\/pages\/1402","targetHints":{"allow":["GET"]}}],"collection":[{"href":"https:\/\/vicpark.com\/fr\/wp-json\/wp\/v2\/pages"}],"about":[{"href":"https:\/\/vicpark.com\/fr\/wp-json\/wp\/v2\/types\/page"}],"author":[{"embeddable":true,"href":"https:\/\/vicpark.com\/fr\/wp-json\/wp\/v2\/users\/2"}],"replies":[{"embeddable":true,"href":"https:\/\/vicpark.com\/fr\/wp-json\/wp\/v2\/comments?post=1402"}],"version-history":[{"count":45,"href":"https:\/\/vicpark.com\/fr\/wp-json\/wp\/v2\/pages\/1402\/revisions"}],"predecessor-version":[{"id":15807,"href":"https:\/\/vicpark.com\/fr\/wp-json\/wp\/v2\/pages\/1402\/revisions\/15807"}],"up":[{"embeddable":true,"href":"https:\/\/vicpark.com\/fr\/wp-json\/wp\/v2\/pages\/1929"}],"wp:featuredmedia":[{"embeddable":true,"href":"https:\/\/vicpark.com\/fr\/wp-json\/wp\/v2\/media\/1432"}],"wp:attachment":[{"href":"https:\/\/vicpark.com\/fr\/wp-json\/wp\/v2\/media?parent=1402"}],"curies":[{"name":"wp","href":"https:\/\/api.w.org\/{rel}","templated":true}]}}