{"id":1937,"date":"2024-05-21T15:14:04","date_gmt":"2024-05-21T19:14:04","guid":{"rendered":"https:\/\/vicpark.com\/customer-service\/contact\/"},"modified":"2025-04-14T17:04:36","modified_gmt":"2025-04-14T21:04:36","slug":"contact","status":"publish","type":"page","link":"https:\/\/vicpark.com\/fr\/service-a-la-clientele\/contact\/","title":{"rendered":"Contact"},"content":{"rendered":"","protected":false},"excerpt":{"rendered":"","protected":false},"author":2,"featured_media":1907,"parent":1936,"menu_order":0,"comment_status":"closed","ping_status":"closed","template":"template-contact.php","meta":{"_acf_changed":false,"_kad_blocks_custom_css":"","_kad_blocks_head_custom_js":"","_kad_blocks_body_custom_js":"","_kad_blocks_footer_custom_js":"","footnotes":""},"class_list":["post-1937","page","type-page","status-publish","has-post-thumbnail","hentry"],"acf":[],"yoast_head":"<!-- This site is optimized with the Yoast SEO plugin v26.7 - https:\/\/yoast.com\/wordpress\/plugins\/seo\/ -->\n<title>Contact | Clinique m\u00e9dico esth\u00e9tique M\u00e9dispa Victoria Park<\/title>\n<meta name=\"description\" content=\"Besoin d\u2019un rendez-vous ou une question sur nos traitements? Contactez nos experts en m\u00e9dico-esth\u00e9tique et trouvez le soin adapt\u00e9 \u00e0 vos besoins.\" \/>\n<meta name=\"robots\" content=\"index, follow, max-snippet:-1, max-image-preview:large, max-video-preview:-1\" \/>\n<link rel=\"canonical\" href=\"https:\/\/vicpark.com\/fr\/service-a-la-clientele\/contact\/\" \/>\n<meta property=\"og:locale\" content=\"fr_FR\" \/>\n<meta property=\"og:type\" content=\"article\" \/>\n<meta property=\"og:title\" content=\"Contact | Clinique m\u00e9dico esth\u00e9tique M\u00e9dispa Victoria Park\" \/>\n<meta property=\"og:description\" content=\"Besoin d\u2019un rendez-vous ou une question sur nos traitements? Contactez nos experts en m\u00e9dico-esth\u00e9tique et trouvez le soin adapt\u00e9 \u00e0 vos besoins.\" \/>\n<meta property=\"og:url\" content=\"https:\/\/vicpark.com\/fr\/service-a-la-clientele\/contact\/\" \/>\n<meta property=\"og:site_name\" content=\"Victoria Park Medispa\" \/>\n<meta property=\"article:publisher\" content=\"https:\/\/www.facebook.com\/VicParkMedispa\" \/>\n<meta property=\"article:modified_time\" content=\"2025-04-14T21:04:36+00:00\" \/>\n<meta property=\"og:image\" content=\"https:\/\/vicpark.com\/wp-content\/uploads\/2024\/06\/VictoriaPark_Kimmie_4805.jpg\" \/>\n\t<meta property=\"og:image:width\" content=\"716\" \/>\n\t<meta property=\"og:image:height\" content=\"780\" \/>\n\t<meta property=\"og:image:type\" content=\"image\/jpeg\" \/>\n<meta name=\"twitter:card\" content=\"summary_large_image\" \/>\n<meta name=\"twitter:label1\" content=\"Est. reading time\" \/>\n\t<meta name=\"twitter:data1\" content=\"1 minute\" \/>\n<script type=\"application\/ld+json\" class=\"yoast-schema-graph\">{\"@context\":\"https:\/\/schema.org\",\"@graph\":[{\"@type\":\"WebPage\",\"@id\":\"https:\/\/vicpark.com\/fr\/service-a-la-clientele\/contact\/\",\"url\":\"https:\/\/vicpark.com\/fr\/service-a-la-clientele\/contact\/\",\"name\":\"Contact | Clinique m\u00e9dico esth\u00e9tique M\u00e9dispa Victoria Park\",\"isPartOf\":{\"@id\":\"https:\/\/vicpark.com\/fr\/#website\"},\"primaryImageOfPage\":{\"@id\":\"https:\/\/vicpark.com\/fr\/service-a-la-clientele\/contact\/#primaryimage\"},\"image\":{\"@id\":\"https:\/\/vicpark.com\/fr\/service-a-la-clientele\/contact\/#primaryimage\"},\"thumbnailUrl\":\"https:\/\/vicpark.com\/wp-content\/uploads\/2024\/06\/VictoriaPark_Kimmie_4805.jpg\",\"datePublished\":\"2024-05-21T19:14:04+00:00\",\"dateModified\":\"2025-04-14T21:04:36+00:00\",\"description\":\"Besoin d\u2019un rendez-vous ou une question sur nos traitements? Contactez nos experts en m\u00e9dico-esth\u00e9tique et trouvez le soin adapt\u00e9 \u00e0 vos besoins.\",\"breadcrumb\":{\"@id\":\"https:\/\/vicpark.com\/fr\/service-a-la-clientele\/contact\/#breadcrumb\"},\"inLanguage\":\"fr-FR\",\"potentialAction\":[{\"@type\":\"ReadAction\",\"target\":[\"https:\/\/vicpark.com\/fr\/service-a-la-clientele\/contact\/\"]}]},{\"@type\":\"ImageObject\",\"inLanguage\":\"fr-FR\",\"@id\":\"https:\/\/vicpark.com\/fr\/service-a-la-clientele\/contact\/#primaryimage\",\"url\":\"https:\/\/vicpark.com\/wp-content\/uploads\/2024\/06\/VictoriaPark_Kimmie_4805.jpg\",\"contentUrl\":\"https:\/\/vicpark.com\/wp-content\/uploads\/2024\/06\/VictoriaPark_Kimmie_4805.jpg\",\"width\":716,\"height\":780},{\"@type\":\"BreadcrumbList\",\"@id\":\"https:\/\/vicpark.com\/fr\/service-a-la-clientele\/contact\/#breadcrumb\",\"itemListElement\":[{\"@type\":\"ListItem\",\"position\":1,\"name\":\"Accueil\",\"item\":\"https:\/\/vicpark.com\/fr\/\"},{\"@type\":\"ListItem\",\"position\":2,\"name\":\"Service \u00e0 la client\u00e8le\",\"item\":\"https:\/\/vicpark.com\/fr\/service-a-la-clientele\/\"},{\"@type\":\"ListItem\",\"position\":3,\"name\":\"Contact\"}]},{\"@type\":\"WebSite\",\"@id\":\"https:\/\/vicpark.com\/fr\/#website\",\"url\":\"https:\/\/vicpark.com\/fr\/\",\"name\":\"Victoria Park Medispa\",\"description\":\"\",\"publisher\":{\"@id\":\"https:\/\/vicpark.com\/fr\/#organization\"},\"potentialAction\":[{\"@type\":\"SearchAction\",\"target\":{\"@type\":\"EntryPoint\",\"urlTemplate\":\"https:\/\/vicpark.com\/fr\/?s={search_term_string}\"},\"query-input\":{\"@type\":\"PropertyValueSpecification\",\"valueRequired\":true,\"valueName\":\"search_term_string\"}}],\"inLanguage\":\"fr-FR\"},{\"@type\":\"Organization\",\"@id\":\"https:\/\/vicpark.com\/fr\/#organization\",\"name\":\"Victoria Park Medispa\",\"url\":\"https:\/\/vicpark.com\/fr\/\",\"logo\":{\"@type\":\"ImageObject\",\"inLanguage\":\"fr-FR\",\"@id\":\"https:\/\/vicpark.com\/fr\/#\/schema\/logo\/image\/\",\"url\":\"https:\/\/vicpark.com\/wp-content\/uploads\/2024\/08\/vp-medispa-HORIZONTAL-logo-black-fr.jpg\",\"contentUrl\":\"https:\/\/vicpark.com\/wp-content\/uploads\/2024\/08\/vp-medispa-HORIZONTAL-logo-black-fr.jpg\",\"width\":696,\"height\":696,\"caption\":\"Victoria Park Medispa\"},\"image\":{\"@id\":\"https:\/\/vicpark.com\/fr\/#\/schema\/logo\/image\/\"},\"sameAs\":[\"https:\/\/www.facebook.com\/VicParkMedispa\"]}]}<\/script>\n<!-- \/ Yoast SEO plugin. -->","yoast_head_json":{"title":"Contact | Clinique m\u00e9dico esth\u00e9tique M\u00e9dispa Victoria Park","description":"Besoin d\u2019un rendez-vous ou une question sur nos traitements? Contactez nos experts en m\u00e9dico-esth\u00e9tique et trouvez le soin adapt\u00e9 \u00e0 vos besoins.","robots":{"index":"index","follow":"follow","max-snippet":"max-snippet:-1","max-image-preview":"max-image-preview:large","max-video-preview":"max-video-preview:-1"},"canonical":"https:\/\/vicpark.com\/fr\/service-a-la-clientele\/contact\/","og_locale":"fr_FR","og_type":"article","og_title":"Contact | Clinique m\u00e9dico esth\u00e9tique M\u00e9dispa Victoria Park","og_description":"Besoin d\u2019un rendez-vous ou une question sur nos traitements? Contactez nos experts en m\u00e9dico-esth\u00e9tique et trouvez le soin adapt\u00e9 \u00e0 vos besoins.","og_url":"https:\/\/vicpark.com\/fr\/service-a-la-clientele\/contact\/","og_site_name":"Victoria Park Medispa","article_publisher":"https:\/\/www.facebook.com\/VicParkMedispa","article_modified_time":"2025-04-14T21:04:36+00:00","og_image":[{"width":716,"height":780,"url":"https:\/\/vicpark.com\/wp-content\/uploads\/2024\/06\/VictoriaPark_Kimmie_4805.jpg","type":"image\/jpeg"}],"twitter_card":"summary_large_image","twitter_misc":{"Est. reading time":"1 minute"},"schema":{"@context":"https:\/\/schema.org","@graph":[{"@type":"WebPage","@id":"https:\/\/vicpark.com\/fr\/service-a-la-clientele\/contact\/","url":"https:\/\/vicpark.com\/fr\/service-a-la-clientele\/contact\/","name":"Contact | Clinique m\u00e9dico esth\u00e9tique M\u00e9dispa Victoria Park","isPartOf":{"@id":"https:\/\/vicpark.com\/fr\/#website"},"primaryImageOfPage":{"@id":"https:\/\/vicpark.com\/fr\/service-a-la-clientele\/contact\/#primaryimage"},"image":{"@id":"https:\/\/vicpark.com\/fr\/service-a-la-clientele\/contact\/#primaryimage"},"thumbnailUrl":"https:\/\/vicpark.com\/wp-content\/uploads\/2024\/06\/VictoriaPark_Kimmie_4805.jpg","datePublished":"2024-05-21T19:14:04+00:00","dateModified":"2025-04-14T21:04:36+00:00","description":"Besoin d\u2019un rendez-vous ou une question sur nos traitements? Contactez nos experts en m\u00e9dico-esth\u00e9tique et trouvez le soin adapt\u00e9 \u00e0 vos besoins.","breadcrumb":{"@id":"https:\/\/vicpark.com\/fr\/service-a-la-clientele\/contact\/#breadcrumb"},"inLanguage":"fr-FR","potentialAction":[{"@type":"ReadAction","target":["https:\/\/vicpark.com\/fr\/service-a-la-clientele\/contact\/"]}]},{"@type":"ImageObject","inLanguage":"fr-FR","@id":"https:\/\/vicpark.com\/fr\/service-a-la-clientele\/contact\/#primaryimage","url":"https:\/\/vicpark.com\/wp-content\/uploads\/2024\/06\/VictoriaPark_Kimmie_4805.jpg","contentUrl":"https:\/\/vicpark.com\/wp-content\/uploads\/2024\/06\/VictoriaPark_Kimmie_4805.jpg","width":716,"height":780},{"@type":"BreadcrumbList","@id":"https:\/\/vicpark.com\/fr\/service-a-la-clientele\/contact\/#breadcrumb","itemListElement":[{"@type":"ListItem","position":1,"name":"Accueil","item":"https:\/\/vicpark.com\/fr\/"},{"@type":"ListItem","position":2,"name":"Service \u00e0 la client\u00e8le","item":"https:\/\/vicpark.com\/fr\/service-a-la-clientele\/"},{"@type":"ListItem","position":3,"name":"Contact"}]},{"@type":"WebSite","@id":"https:\/\/vicpark.com\/fr\/#website","url":"https:\/\/vicpark.com\/fr\/","name":"Victoria Park Medispa","description":"","publisher":{"@id":"https:\/\/vicpark.com\/fr\/#organization"},"potentialAction":[{"@type":"SearchAction","target":{"@type":"EntryPoint","urlTemplate":"https:\/\/vicpark.com\/fr\/?s={search_term_string}"},"query-input":{"@type":"PropertyValueSpecification","valueRequired":true,"valueName":"search_term_string"}}],"inLanguage":"fr-FR"},{"@type":"Organization","@id":"https:\/\/vicpark.com\/fr\/#organization","name":"Victoria Park Medispa","url":"https:\/\/vicpark.com\/fr\/","logo":{"@type":"ImageObject","inLanguage":"fr-FR","@id":"https:\/\/vicpark.com\/fr\/#\/schema\/logo\/image\/","url":"https:\/\/vicpark.com\/wp-content\/uploads\/2024\/08\/vp-medispa-HORIZONTAL-logo-black-fr.jpg","contentUrl":"https:\/\/vicpark.com\/wp-content\/uploads\/2024\/08\/vp-medispa-HORIZONTAL-logo-black-fr.jpg","width":696,"height":696,"caption":"Victoria Park Medispa"},"image":{"@id":"https:\/\/vicpark.com\/fr\/#\/schema\/logo\/image\/"},"sameAs":["https:\/\/www.facebook.com\/VicParkMedispa"]}]}},"taxonomy_info":[],"featured_image_src_large":["https:\/\/vicpark.com\/wp-content\/uploads\/2024\/06\/VictoriaPark_Kimmie_4805.jpg",716,780,false],"author_info":{"display_name":"Thiago Diezel","author_link":"https:\/\/vicpark.com\/fr\/author\/diezel\/"},"comment_info":0,"_links":{"self":[{"href":"https:\/\/vicpark.com\/fr\/wp-json\/wp\/v2\/pages\/1937","targetHints":{"allow":["GET"]}}],"collection":[{"href":"https:\/\/vicpark.com\/fr\/wp-json\/wp\/v2\/pages"}],"about":[{"href":"https:\/\/vicpark.com\/fr\/wp-json\/wp\/v2\/types\/page"}],"author":[{"embeddable":true,"href":"https:\/\/vicpark.com\/fr\/wp-json\/wp\/v2\/users\/2"}],"replies":[{"embeddable":true,"href":"https:\/\/vicpark.com\/fr\/wp-json\/wp\/v2\/comments?post=1937"}],"version-history":[{"count":1,"href":"https:\/\/vicpark.com\/fr\/wp-json\/wp\/v2\/pages\/1937\/revisions"}],"predecessor-version":[{"id":1938,"href":"https:\/\/vicpark.com\/fr\/wp-json\/wp\/v2\/pages\/1937\/revisions\/1938"}],"up":[{"embeddable":true,"href":"https:\/\/vicpark.com\/fr\/wp-json\/wp\/v2\/pages\/1936"}],"wp:featuredmedia":[{"embeddable":true,"href":"https:\/\/vicpark.com\/fr\/wp-json\/wp\/v2\/media\/1907"}],"wp:attachment":[{"href":"https:\/\/vicpark.com\/fr\/wp-json\/wp\/v2\/media?parent=1937"}],"curies":[{"name":"wp","href":"https:\/\/api.w.org\/{rel}","templated":true}]}}