{"id":3677,"date":"2024-07-31T10:15:46","date_gmt":"2024-07-31T14:15:46","guid":{"rendered":"https:\/\/vicpark.com\/find-a-clinic\/"},"modified":"2026-04-07T11:39:13","modified_gmt":"2026-04-07T15:39:13","slug":"trouver-une-clinique","status":"publish","type":"page","link":"https:\/\/vicpark.com\/fr\/trouver-une-clinique\/","title":{"rendered":"Trouver une clinique"},"content":{"rendered":"\n<div style=\"height:180px\" aria-hidden=\"true\" class=\"wp-block-spacer is-style-responsive-medium\"><\/div>\n\n\n\n<h1 class=\"wp-block-heading\">Trouver une clinique<\/h1>\n\n\n\n<div style=\"height:var(--wp--preset--spacing--30)\" aria-hidden=\"true\" class=\"wp-block-spacer is-style-responsive-small\"><\/div>\n\n\n\n<div class=\"wp-block-columns are-vertically-aligned-center is-layout-flex wp-container-core-columns-is-layout-28f84493 wp-block-columns-is-layout-flex\">\n<div class=\"wp-block-column is-vertically-aligned-center is-layout-flow wp-block-column-is-layout-flow\">\n<figure class=\"wp-block-image size-large has-custom-border\"><img decoding=\"async\" width=\"1024\" height=\"426\" src=\"https:\/\/vicpark.com\/wp-content\/uploads\/2026\/04\/vic-find-1024x426.jpg\" alt=\"\" class=\"wp-image-16491\" style=\"border-top-left-radius:30px;border-top-right-radius:30px;border-bottom-left-radius:30px;border-bottom-right-radius:30px\" srcset=\"https:\/\/vicpark.com\/wp-content\/uploads\/2026\/04\/vic-find-1024x426.jpg 1024w, https:\/\/vicpark.com\/wp-content\/uploads\/2026\/04\/vic-find-300x125.jpg 300w, https:\/\/vicpark.com\/wp-content\/uploads\/2026\/04\/vic-find-768x320.jpg 768w, https:\/\/vicpark.com\/wp-content\/uploads\/2026\/04\/vic-find-1536x640.jpg 1536w, https:\/\/vicpark.com\/wp-content\/uploads\/2026\/04\/vic-find-500x208.jpg 500w, https:\/\/vicpark.com\/wp-content\/uploads\/2026\/04\/vic-find.jpg 1830w\" sizes=\"(max-width: 1024px) 100vw, 1024px\" \/><\/figure>\n<\/div>\n\n\n\n<div class=\"wp-block-column is-vertically-aligned-center is-layout-flow wp-block-column-is-layout-flow\"><div class=\"msg-shortcode\">Avec 25 cliniques partout au Canada, des soins experts sont toujours \u00e0 votre port\u00e9e. <br>Trouvez l'emplacement le plus pr\u00e8s de chez vous et r\u00e9servez votre traitement d\u00e8s aujourd'hui.<\/div>\n<\/div>\n<\/div>\n\n\n\n<div style=\"height:30px\" aria-hidden=\"true\" class=\"wp-block-spacer is-style-responsive-small\"><\/div>\n\n\n<style>\r\n\t#wpsl-stores .wpsl-store-thumb {height:45px !important; width:45px !important;}\r\n\t#wpsl-stores, #wpsl-direction-details, #wpsl-gmap {height:450px !important;}\r\n\t#wpsl-gmap .wpsl-info-window {max-width:225px !important;}\r\n\t.wpsl-input label, #wpsl-radius label, #wpsl-category label {width:95px;}\r\n\t#wpsl-search-input ,#wpsl-category .wpsl-dropdown {width:179px;}\r\n<\/style>\r\n<div id=\"wpsl-wrap\">\r\n\t<div class=\"wpsl-search wpsl-clearfix wpsl-filter\">\r\n\t\t<div id=\"wpsl-search-wrap\">\r\n\t\t\t<form autocomplete=\"off\">\r\n\t\t\t<div class=\"wpsl-input\">\r\n\t\t\t\t<div><label for=\"wpsl-search-input\">Votre position<\/label><\/div>\r\n\t\t\t\t<input id=\"wpsl-search-input\" type=\"text\" value=\"\" name=\"wpsl-search-input\" placeholder=\"\" aria-required=\"true\" \/>\r\n\t\t\t<\/div>\r\n\t\t\t<div class=\"wpsl-select-wrap\">\r\n\t\t\t\t<div id=\"wpsl-radius\">\r\n\t\t\t\t\t<label for=\"wpsl-radius-dropdown\">Rayon de recherche<\/label>\r\n\t\t\t\t\t<select id=\"wpsl-radius-dropdown\" class=\"wpsl-dropdown\" name=\"wpsl-radius\">\r\n\t\t\t\t\t\t<option value=\"10\">10 km<\/option><option value=\"25\">25 km<\/option><option selected=\"selected\" value=\"50\">50 km<\/option><option value=\"100\">100 km<\/option><option value=\"200\">200 km<\/option><option value=\"500\">500 km<\/option><option value=\"900\">900 km<\/option>\r\n\t\t\t\t\t<\/select>\r\n\t\t\t\t<\/div>\r\n\t\t\t<\/div>\r\n<div id=\"wpsl-category\">\r\n<label for=\"wpsl-category-list\">Categorie<\/label>\r\n<select  name='wpsl-category' id='wpsl-category-list' class='wpsl-dropdown'>\n\t<option value='0'>Tous<\/option>\n\t<option class=\"level-0\" value=\"51\">Manitoba<\/option>\n\t<option class=\"level-0\" value=\"43\">Ontario<\/option>\n\t<option class=\"level-0\" value=\"42\">Quebec<\/option>\n<\/select>\n<\/div>\r\n\t\t\t\t<div class=\"wpsl-search-btn-wrap\"><input id=\"wpsl-search-btn\" type=\"submit\" value=\"Recherche\"><\/div>\r\n\t\t<\/form>\r\n\t\t<\/div>\r\n\t<\/div>\r\n\t<div id=\"wpsl-gmap\" class=\"wpsl-gmap-canvas\"><\/div>\r\n\t<div id=\"wpsl-result-list\">\r\n\t\t<div id=\"wpsl-stores\" >\r\n\t\t\t<ul><\/ul>\r\n\t\t<\/div>\r\n\t\t<div id=\"wpsl-direction-details\">\r\n\t\t\t<ul><\/ul>\r\n\t\t<\/div>\r\n\t<\/div>\r\n<\/div>\r\n\n\n\n\n<div style=\"height:var(--wp--preset--spacing--60)\" aria-hidden=\"true\" class=\"wp-block-spacer\"><\/div>\n","protected":false},"excerpt":{"rendered":"<p>Trouver une clinique<\/p>\n","protected":false},"author":2,"featured_media":0,"parent":0,"menu_order":0,"comment_status":"closed","ping_status":"closed","template":"","meta":{"_acf_changed":false,"_kad_blocks_custom_css":"","_kad_blocks_head_custom_js":"","_kad_blocks_body_custom_js":"","_kad_blocks_footer_custom_js":"","footnotes":""},"class_list":["post-3677","page","type-page","status-publish","hentry"],"acf":[],"yoast_head":"<!-- This site is optimized with the Yoast SEO plugin v26.7 - https:\/\/yoast.com\/wordpress\/plugins\/seo\/ -->\n<title>Trouver une clinique Victoria Park | Rendez-vous chez nous<\/title>\n<meta name=\"description\" content=\"Trouvez votre clinique M\u00e9dispa Victoria Park et r\u00e9servez un rendez-vous avec nos experts en m\u00e9dico-esth\u00e9tique d\u00e8s aujourd\u2019hui. Trouvez-nous.\" \/>\n<meta name=\"robots\" content=\"index, follow, max-snippet:-1, max-image-preview:large, max-video-preview:-1\" \/>\n<link rel=\"canonical\" href=\"https:\/\/vicpark.com\/fr\/trouver-une-clinique\/\" \/>\n<meta property=\"og:locale\" content=\"fr_FR\" \/>\n<meta property=\"og:type\" content=\"article\" \/>\n<meta property=\"og:title\" content=\"Trouver une clinique Victoria Park | Rendez-vous chez nous\" \/>\n<meta property=\"og:description\" content=\"Trouvez votre clinique M\u00e9dispa Victoria Park et r\u00e9servez un rendez-vous avec nos experts en m\u00e9dico-esth\u00e9tique d\u00e8s aujourd\u2019hui. Trouvez-nous.\" \/>\n<meta property=\"og:url\" content=\"https:\/\/vicpark.com\/fr\/trouver-une-clinique\/\" \/>\n<meta property=\"og:site_name\" content=\"Victoria Park Medispa\" \/>\n<meta property=\"article:publisher\" content=\"https:\/\/www.facebook.com\/VicParkMedispa\" \/>\n<meta property=\"article:modified_time\" content=\"2026-04-07T15:39:13+00:00\" \/>\n<meta property=\"og:image\" content=\"https:\/\/vicpark.com\/wp-content\/uploads\/2026\/04\/vic-find.jpg\" \/>\n\t<meta property=\"og:image:width\" content=\"1830\" \/>\n\t<meta property=\"og:image:height\" content=\"762\" \/>\n\t<meta property=\"og:image:type\" content=\"image\/jpeg\" \/>\n<meta name=\"twitter:card\" content=\"summary_large_image\" \/>\n<meta name=\"twitter:label1\" content=\"Est. reading time\" \/>\n\t<meta name=\"twitter:data1\" content=\"1 minute\" \/>\n<script type=\"application\/ld+json\" class=\"yoast-schema-graph\">{\"@context\":\"https:\/\/schema.org\",\"@graph\":[{\"@type\":\"WebPage\",\"@id\":\"https:\/\/vicpark.com\/fr\/trouver-une-clinique\/\",\"url\":\"https:\/\/vicpark.com\/fr\/trouver-une-clinique\/\",\"name\":\"Trouver une clinique Victoria Park | Rendez-vous chez nous\",\"isPartOf\":{\"@id\":\"https:\/\/vicpark.com\/fr\/#website\"},\"primaryImageOfPage\":{\"@id\":\"https:\/\/vicpark.com\/fr\/trouver-une-clinique\/#primaryimage\"},\"image\":{\"@id\":\"https:\/\/vicpark.com\/fr\/trouver-une-clinique\/#primaryimage\"},\"thumbnailUrl\":\"https:\/\/vicpark.com\/wp-content\/uploads\/2026\/04\/vic-find-1024x426.jpg\",\"datePublished\":\"2024-07-31T14:15:46+00:00\",\"dateModified\":\"2026-04-07T15:39:13+00:00\",\"description\":\"Trouvez votre clinique M\u00e9dispa Victoria Park et r\u00e9servez un rendez-vous avec nos experts en m\u00e9dico-esth\u00e9tique d\u00e8s aujourd\u2019hui. Trouvez-nous.\",\"breadcrumb\":{\"@id\":\"https:\/\/vicpark.com\/fr\/trouver-une-clinique\/#breadcrumb\"},\"inLanguage\":\"fr-FR\",\"potentialAction\":[{\"@type\":\"ReadAction\",\"target\":[\"https:\/\/vicpark.com\/fr\/trouver-une-clinique\/\"]}]},{\"@type\":\"ImageObject\",\"inLanguage\":\"fr-FR\",\"@id\":\"https:\/\/vicpark.com\/fr\/trouver-une-clinique\/#primaryimage\",\"url\":\"https:\/\/vicpark.com\/wp-content\/uploads\/2026\/04\/vic-find-1024x426.jpg\",\"contentUrl\":\"https:\/\/vicpark.com\/wp-content\/uploads\/2026\/04\/vic-find-1024x426.jpg\"},{\"@type\":\"BreadcrumbList\",\"@id\":\"https:\/\/vicpark.com\/fr\/trouver-une-clinique\/#breadcrumb\",\"itemListElement\":[{\"@type\":\"ListItem\",\"position\":1,\"name\":\"Accueil\",\"item\":\"https:\/\/vicpark.com\/fr\/\"},{\"@type\":\"ListItem\",\"position\":2,\"name\":\"Trouver une clinique\"}]},{\"@type\":\"WebSite\",\"@id\":\"https:\/\/vicpark.com\/fr\/#website\",\"url\":\"https:\/\/vicpark.com\/fr\/\",\"name\":\"Victoria Park Medispa\",\"description\":\"\",\"publisher\":{\"@id\":\"https:\/\/vicpark.com\/fr\/#organization\"},\"potentialAction\":[{\"@type\":\"SearchAction\",\"target\":{\"@type\":\"EntryPoint\",\"urlTemplate\":\"https:\/\/vicpark.com\/fr\/?s={search_term_string}\"},\"query-input\":{\"@type\":\"PropertyValueSpecification\",\"valueRequired\":true,\"valueName\":\"search_term_string\"}}],\"inLanguage\":\"fr-FR\"},{\"@type\":\"Organization\",\"@id\":\"https:\/\/vicpark.com\/fr\/#organization\",\"name\":\"Victoria Park Medispa\",\"url\":\"https:\/\/vicpark.com\/fr\/\",\"logo\":{\"@type\":\"ImageObject\",\"inLanguage\":\"fr-FR\",\"@id\":\"https:\/\/vicpark.com\/fr\/#\/schema\/logo\/image\/\",\"url\":\"https:\/\/vicpark.com\/wp-content\/uploads\/2024\/08\/vp-medispa-HORIZONTAL-logo-black-fr.jpg\",\"contentUrl\":\"https:\/\/vicpark.com\/wp-content\/uploads\/2024\/08\/vp-medispa-HORIZONTAL-logo-black-fr.jpg\",\"width\":696,\"height\":696,\"caption\":\"Victoria Park Medispa\"},\"image\":{\"@id\":\"https:\/\/vicpark.com\/fr\/#\/schema\/logo\/image\/\"},\"sameAs\":[\"https:\/\/www.facebook.com\/VicParkMedispa\"]}]}<\/script>\n<!-- \/ Yoast SEO plugin. -->","yoast_head_json":{"title":"Trouver une clinique Victoria Park | Rendez-vous chez nous","description":"Trouvez votre clinique M\u00e9dispa Victoria Park et r\u00e9servez un rendez-vous avec nos experts en m\u00e9dico-esth\u00e9tique d\u00e8s aujourd\u2019hui. Trouvez-nous.","robots":{"index":"index","follow":"follow","max-snippet":"max-snippet:-1","max-image-preview":"max-image-preview:large","max-video-preview":"max-video-preview:-1"},"canonical":"https:\/\/vicpark.com\/fr\/trouver-une-clinique\/","og_locale":"fr_FR","og_type":"article","og_title":"Trouver une clinique Victoria Park | Rendez-vous chez nous","og_description":"Trouvez votre clinique M\u00e9dispa Victoria Park et r\u00e9servez un rendez-vous avec nos experts en m\u00e9dico-esth\u00e9tique d\u00e8s aujourd\u2019hui. Trouvez-nous.","og_url":"https:\/\/vicpark.com\/fr\/trouver-une-clinique\/","og_site_name":"Victoria Park Medispa","article_publisher":"https:\/\/www.facebook.com\/VicParkMedispa","article_modified_time":"2026-04-07T15:39:13+00:00","og_image":[{"width":1830,"height":762,"url":"https:\/\/vicpark.com\/wp-content\/uploads\/2026\/04\/vic-find.jpg","type":"image\/jpeg"}],"twitter_card":"summary_large_image","twitter_misc":{"Est. reading time":"1 minute"},"schema":{"@context":"https:\/\/schema.org","@graph":[{"@type":"WebPage","@id":"https:\/\/vicpark.com\/fr\/trouver-une-clinique\/","url":"https:\/\/vicpark.com\/fr\/trouver-une-clinique\/","name":"Trouver une clinique Victoria Park | Rendez-vous chez nous","isPartOf":{"@id":"https:\/\/vicpark.com\/fr\/#website"},"primaryImageOfPage":{"@id":"https:\/\/vicpark.com\/fr\/trouver-une-clinique\/#primaryimage"},"image":{"@id":"https:\/\/vicpark.com\/fr\/trouver-une-clinique\/#primaryimage"},"thumbnailUrl":"https:\/\/vicpark.com\/wp-content\/uploads\/2026\/04\/vic-find-1024x426.jpg","datePublished":"2024-07-31T14:15:46+00:00","dateModified":"2026-04-07T15:39:13+00:00","description":"Trouvez votre clinique M\u00e9dispa Victoria Park et r\u00e9servez un rendez-vous avec nos experts en m\u00e9dico-esth\u00e9tique d\u00e8s aujourd\u2019hui. Trouvez-nous.","breadcrumb":{"@id":"https:\/\/vicpark.com\/fr\/trouver-une-clinique\/#breadcrumb"},"inLanguage":"fr-FR","potentialAction":[{"@type":"ReadAction","target":["https:\/\/vicpark.com\/fr\/trouver-une-clinique\/"]}]},{"@type":"ImageObject","inLanguage":"fr-FR","@id":"https:\/\/vicpark.com\/fr\/trouver-une-clinique\/#primaryimage","url":"https:\/\/vicpark.com\/wp-content\/uploads\/2026\/04\/vic-find-1024x426.jpg","contentUrl":"https:\/\/vicpark.com\/wp-content\/uploads\/2026\/04\/vic-find-1024x426.jpg"},{"@type":"BreadcrumbList","@id":"https:\/\/vicpark.com\/fr\/trouver-une-clinique\/#breadcrumb","itemListElement":[{"@type":"ListItem","position":1,"name":"Accueil","item":"https:\/\/vicpark.com\/fr\/"},{"@type":"ListItem","position":2,"name":"Trouver une clinique"}]},{"@type":"WebSite","@id":"https:\/\/vicpark.com\/fr\/#website","url":"https:\/\/vicpark.com\/fr\/","name":"Victoria Park Medispa","description":"","publisher":{"@id":"https:\/\/vicpark.com\/fr\/#organization"},"potentialAction":[{"@type":"SearchAction","target":{"@type":"EntryPoint","urlTemplate":"https:\/\/vicpark.com\/fr\/?s={search_term_string}"},"query-input":{"@type":"PropertyValueSpecification","valueRequired":true,"valueName":"search_term_string"}}],"inLanguage":"fr-FR"},{"@type":"Organization","@id":"https:\/\/vicpark.com\/fr\/#organization","name":"Victoria Park Medispa","url":"https:\/\/vicpark.com\/fr\/","logo":{"@type":"ImageObject","inLanguage":"fr-FR","@id":"https:\/\/vicpark.com\/fr\/#\/schema\/logo\/image\/","url":"https:\/\/vicpark.com\/wp-content\/uploads\/2024\/08\/vp-medispa-HORIZONTAL-logo-black-fr.jpg","contentUrl":"https:\/\/vicpark.com\/wp-content\/uploads\/2024\/08\/vp-medispa-HORIZONTAL-logo-black-fr.jpg","width":696,"height":696,"caption":"Victoria Park Medispa"},"image":{"@id":"https:\/\/vicpark.com\/fr\/#\/schema\/logo\/image\/"},"sameAs":["https:\/\/www.facebook.com\/VicParkMedispa"]}]}},"taxonomy_info":[],"featured_image_src_large":false,"author_info":{"display_name":"Thiago Diezel","author_link":"https:\/\/vicpark.com\/fr\/author\/diezel\/"},"comment_info":0,"_links":{"self":[{"href":"https:\/\/vicpark.com\/fr\/wp-json\/wp\/v2\/pages\/3677","targetHints":{"allow":["GET"]}}],"collection":[{"href":"https:\/\/vicpark.com\/fr\/wp-json\/wp\/v2\/pages"}],"about":[{"href":"https:\/\/vicpark.com\/fr\/wp-json\/wp\/v2\/types\/page"}],"author":[{"embeddable":true,"href":"https:\/\/vicpark.com\/fr\/wp-json\/wp\/v2\/users\/2"}],"replies":[{"embeddable":true,"href":"https:\/\/vicpark.com\/fr\/wp-json\/wp\/v2\/comments?post=3677"}],"version-history":[{"count":4,"href":"https:\/\/vicpark.com\/fr\/wp-json\/wp\/v2\/pages\/3677\/revisions"}],"predecessor-version":[{"id":16495,"href":"https:\/\/vicpark.com\/fr\/wp-json\/wp\/v2\/pages\/3677\/revisions\/16495"}],"wp:attachment":[{"href":"https:\/\/vicpark.com\/fr\/wp-json\/wp\/v2\/media?parent=3677"}],"curies":[{"name":"wp","href":"https:\/\/api.w.org\/{rel}","templated":true}]}}