{"id":6031,"date":"2024-11-07T11:16:15","date_gmt":"2024-11-07T16:16:15","guid":{"rendered":"https:\/\/vicpark.com\/?page_id=6031"},"modified":"2025-12-16T11:12:17","modified_gmt":"2025-12-16T16:12:17","slug":"quebec-sainte-foy-medispa-victoria-park","status":"publish","type":"page","link":"https:\/\/vicpark.com\/fr\/quebec-sainte-foy-medispa-victoria-park\/","title":{"rendered":"Qu\u00e9bec Sainte-Foy | M\u00e9dispa Victoria Park"},"content":{"rendered":"\n<div style=\"height:180px\" aria-hidden=\"true\" class=\"wp-block-spacer\"><\/div>\n\n\n\n<div class=\"wp-block-cover\" style=\"border-radius:100px\"><span aria-hidden=\"true\" class=\"wp-block-cover__background has-background-dim-30 has-background-dim\" style=\"background-color:#877264\"><\/span><img decoding=\"async\" width=\"1440\" height=\"1020\" src=\"https:\/\/vicpark.com\/wp-content\/uploads\/2024\/06\/VictoriaPark_Camille_5997.png\" class=\"wp-block-cover__image-background wp-post-image\" alt=\"\" data-object-fit=\"cover\" data-object-position=\"45% 4%\" style=\"object-position:45% 4%;\" srcset=\"https:\/\/vicpark.com\/wp-content\/uploads\/2024\/06\/VictoriaPark_Camille_5997.png 1440w, https:\/\/vicpark.com\/wp-content\/uploads\/2024\/06\/VictoriaPark_Camille_5997-300x213.png 300w, https:\/\/vicpark.com\/wp-content\/uploads\/2024\/06\/VictoriaPark_Camille_5997-1024x725.png 1024w, https:\/\/vicpark.com\/wp-content\/uploads\/2024\/06\/VictoriaPark_Camille_5997-768x544.png 768w\" sizes=\"(max-width: 1440px) 100vw, 1440px\" \/><div class=\"wp-block-cover__inner-container is-layout-constrained wp-block-cover-is-layout-constrained\">\n<h1 class=\"wp-block-heading has-text-align-center has-x-large-font-size\">R\u00c9SERVATION RE\u00c7UE.<\/h1>\n\n\n\n<p><\/p>\n\n\n\n<p class=\"has-text-align-center has-medium-font-size\">Nous vous remercions de l&#8217;int\u00e9r\u00eat que vous portez \u00e0 notre clinique et sommes impatients de vous rencontrer !<\/p>\n\n\n\n<p class=\"has-text-align-center has-medium-font-size\">Vous recevrez un e-mail avec les d\u00e9tails une fois que votre r\u00e9servation aura \u00e9t\u00e9 confirm\u00e9e par notre \u00e9quipe.<\/p>\n\n\n\n<div class=\"wp-block-buttons is-content-justification-center is-layout-flex wp-container-core-buttons-is-layout-a89b3969 wp-block-buttons-is-layout-flex\">\n<div class=\"wp-block-button\"><a class=\"wp-block-button__link has-black-background-color has-background has-text-align-center wp-element-button\" href=\"https:\/\/vicparkquebec.com\/\">RETOURNER AU SITE WEB<\/a><\/div>\n<\/div>\n<\/div><\/div>\n\n\n\n<div style=\"height:26px\" aria-hidden=\"true\" class=\"wp-block-spacer\"><\/div>\n\n\n\n<div class=\"wp-block-group alignfull has-text-color has-background is-layout-flow wp-block-group-is-layout-flow\" style=\"color:#000000;background-color:#ffffff\">\n<div class=\"wp-block-buttons alignwide is-horizontal is-content-justification-center is-layout-flex wp-container-core-buttons-is-layout-03627597 wp-block-buttons-is-layout-flex\"><\/div>\n\n\n\n<div style=\"height:64px\" aria-hidden=\"true\" class=\"wp-block-spacer\"><\/div>\n<\/div>\n\n\n\n<p><\/p>\n","protected":false},"excerpt":{"rendered":"","protected":false},"author":17,"featured_media":1627,"parent":0,"menu_order":0,"comment_status":"closed","ping_status":"closed","template":"","meta":{"_acf_changed":false,"_kad_blocks_custom_css":"","_kad_blocks_head_custom_js":"","_kad_blocks_body_custom_js":"","_kad_blocks_footer_custom_js":"","footnotes":""},"class_list":["post-6031","page","type-page","status-publish","has-post-thumbnail","hentry"],"acf":[],"yoast_head":"<!-- This site is optimized with the Yoast SEO plugin v27.4 - https:\/\/yoast.com\/product\/yoast-seo-wordpress\/ -->\n<title>Qu\u00e9bec Sainte-Foy | M\u00e9dispa Victoria Park | Victoria Park Medispa<\/title>\n<meta name=\"robots\" content=\"index, nofollow, max-snippet:-1, max-image-preview:large, max-video-preview:-1\" \/>\n<link rel=\"canonical\" href=\"https:\/\/vicpark.com\/fr\/quebec-sainte-foy-medispa-victoria-park\/\" \/>\n<meta property=\"og:locale\" content=\"fr_FR\" \/>\n<meta property=\"og:type\" content=\"article\" \/>\n<meta property=\"og:title\" content=\"Qu\u00e9bec Sainte-Foy | M\u00e9dispa Victoria Park | Victoria Park Medispa\" \/>\n<meta property=\"og:url\" content=\"https:\/\/vicpark.com\/fr\/quebec-sainte-foy-medispa-victoria-park\/\" \/>\n<meta property=\"og:site_name\" content=\"Victoria Park Medispa\" \/>\n<meta property=\"article:publisher\" content=\"https:\/\/www.facebook.com\/VicParkMedispa\" \/>\n<meta property=\"article:modified_time\" content=\"2025-12-16T16:12:17+00:00\" \/>\n<meta property=\"og:image\" content=\"https:\/\/vicpark.com\/wp-content\/uploads\/2024\/06\/VictoriaPark_Camille_5997-1024x725.png\" \/>\n\t<meta property=\"og:image:width\" content=\"1024\" \/>\n\t<meta property=\"og:image:height\" content=\"725\" \/>\n\t<meta property=\"og:image:type\" content=\"image\/png\" \/>\n<meta name=\"twitter:card\" content=\"summary_large_image\" \/>\n<meta name=\"twitter:label1\" content=\"Est. reading time\" \/>\n\t<meta name=\"twitter:data1\" content=\"1 minute\" \/>\n<script type=\"application\/ld+json\" class=\"yoast-schema-graph\">{\"@context\":\"https:\\\/\\\/schema.org\",\"@graph\":[{\"@type\":\"WebPage\",\"@id\":\"https:\\\/\\\/vicpark.com\\\/fr\\\/quebec-sainte-foy-medispa-victoria-park\\\/\",\"url\":\"https:\\\/\\\/vicpark.com\\\/fr\\\/quebec-sainte-foy-medispa-victoria-park\\\/\",\"name\":\"Qu\u00e9bec Sainte-Foy | M\u00e9dispa Victoria Park | Victoria Park Medispa\",\"isPartOf\":{\"@id\":\"https:\\\/\\\/vicpark.com\\\/fr\\\/#website\"},\"primaryImageOfPage\":{\"@id\":\"https:\\\/\\\/vicpark.com\\\/fr\\\/quebec-sainte-foy-medispa-victoria-park\\\/#primaryimage\"},\"image\":{\"@id\":\"https:\\\/\\\/vicpark.com\\\/fr\\\/quebec-sainte-foy-medispa-victoria-park\\\/#primaryimage\"},\"thumbnailUrl\":\"https:\\\/\\\/vicpark.com\\\/wp-content\\\/uploads\\\/2024\\\/06\\\/VictoriaPark_Camille_5997.png\",\"datePublished\":\"2024-11-07T16:16:15+00:00\",\"dateModified\":\"2025-12-16T16:12:17+00:00\",\"breadcrumb\":{\"@id\":\"https:\\\/\\\/vicpark.com\\\/fr\\\/quebec-sainte-foy-medispa-victoria-park\\\/#breadcrumb\"},\"inLanguage\":\"fr-FR\",\"potentialAction\":[{\"@type\":\"ReadAction\",\"target\":[\"https:\\\/\\\/vicpark.com\\\/fr\\\/quebec-sainte-foy-medispa-victoria-park\\\/\"]}]},{\"@type\":\"ImageObject\",\"inLanguage\":\"fr-FR\",\"@id\":\"https:\\\/\\\/vicpark.com\\\/fr\\\/quebec-sainte-foy-medispa-victoria-park\\\/#primaryimage\",\"url\":\"https:\\\/\\\/vicpark.com\\\/wp-content\\\/uploads\\\/2024\\\/06\\\/VictoriaPark_Camille_5997.png\",\"contentUrl\":\"https:\\\/\\\/vicpark.com\\\/wp-content\\\/uploads\\\/2024\\\/06\\\/VictoriaPark_Camille_5997.png\",\"width\":1440,\"height\":1020},{\"@type\":\"BreadcrumbList\",\"@id\":\"https:\\\/\\\/vicpark.com\\\/fr\\\/quebec-sainte-foy-medispa-victoria-park\\\/#breadcrumb\",\"itemListElement\":[{\"@type\":\"ListItem\",\"position\":1,\"name\":\"Accueil\",\"item\":\"https:\\\/\\\/vicpark.com\\\/fr\\\/\"},{\"@type\":\"ListItem\",\"position\":2,\"name\":\"Qu\u00e9bec Sainte-Foy | M\u00e9dispa Victoria Park\"}]},{\"@type\":\"WebSite\",\"@id\":\"https:\\\/\\\/vicpark.com\\\/fr\\\/#website\",\"url\":\"https:\\\/\\\/vicpark.com\\\/fr\\\/\",\"name\":\"Victoria Park Medispa\",\"description\":\"\",\"publisher\":{\"@id\":\"https:\\\/\\\/vicpark.com\\\/fr\\\/#organization\"},\"potentialAction\":[{\"@type\":\"SearchAction\",\"target\":{\"@type\":\"EntryPoint\",\"urlTemplate\":\"https:\\\/\\\/vicpark.com\\\/fr\\\/?s={search_term_string}\"},\"query-input\":{\"@type\":\"PropertyValueSpecification\",\"valueRequired\":true,\"valueName\":\"search_term_string\"}}],\"inLanguage\":\"fr-FR\"},{\"@type\":\"Organization\",\"@id\":\"https:\\\/\\\/vicpark.com\\\/fr\\\/#organization\",\"name\":\"Victoria Park Medispa\",\"url\":\"https:\\\/\\\/vicpark.com\\\/fr\\\/\",\"logo\":{\"@type\":\"ImageObject\",\"inLanguage\":\"fr-FR\",\"@id\":\"https:\\\/\\\/vicpark.com\\\/fr\\\/#\\\/schema\\\/logo\\\/image\\\/\",\"url\":\"https:\\\/\\\/vicpark.com\\\/wp-content\\\/uploads\\\/2024\\\/08\\\/vp-medispa-HORIZONTAL-logo-black-fr.jpg\",\"contentUrl\":\"https:\\\/\\\/vicpark.com\\\/wp-content\\\/uploads\\\/2024\\\/08\\\/vp-medispa-HORIZONTAL-logo-black-fr.jpg\",\"width\":696,\"height\":696,\"caption\":\"Victoria Park Medispa\"},\"image\":{\"@id\":\"https:\\\/\\\/vicpark.com\\\/fr\\\/#\\\/schema\\\/logo\\\/image\\\/\"},\"sameAs\":[\"https:\\\/\\\/www.facebook.com\\\/VicParkMedispa\"]}]}<\/script>\n<!-- \/ Yoast SEO plugin. -->","yoast_head_json":{"title":"Qu\u00e9bec Sainte-Foy | M\u00e9dispa Victoria Park | Victoria Park Medispa","robots":{"index":"index","follow":"nofollow","max-snippet":"max-snippet:-1","max-image-preview":"max-image-preview:large","max-video-preview":"max-video-preview:-1"},"canonical":"https:\/\/vicpark.com\/fr\/quebec-sainte-foy-medispa-victoria-park\/","og_locale":"fr_FR","og_type":"article","og_title":"Qu\u00e9bec Sainte-Foy | M\u00e9dispa Victoria Park | Victoria Park Medispa","og_url":"https:\/\/vicpark.com\/fr\/quebec-sainte-foy-medispa-victoria-park\/","og_site_name":"Victoria Park Medispa","article_publisher":"https:\/\/www.facebook.com\/VicParkMedispa","article_modified_time":"2025-12-16T16:12:17+00:00","og_image":[{"width":1024,"height":725,"url":"https:\/\/vicpark.com\/wp-content\/uploads\/2024\/06\/VictoriaPark_Camille_5997-1024x725.png","type":"image\/png"}],"twitter_card":"summary_large_image","twitter_misc":{"Est. reading time":"1 minute"},"schema":{"@context":"https:\/\/schema.org","@graph":[{"@type":"WebPage","@id":"https:\/\/vicpark.com\/fr\/quebec-sainte-foy-medispa-victoria-park\/","url":"https:\/\/vicpark.com\/fr\/quebec-sainte-foy-medispa-victoria-park\/","name":"Qu\u00e9bec Sainte-Foy | M\u00e9dispa Victoria Park | Victoria Park Medispa","isPartOf":{"@id":"https:\/\/vicpark.com\/fr\/#website"},"primaryImageOfPage":{"@id":"https:\/\/vicpark.com\/fr\/quebec-sainte-foy-medispa-victoria-park\/#primaryimage"},"image":{"@id":"https:\/\/vicpark.com\/fr\/quebec-sainte-foy-medispa-victoria-park\/#primaryimage"},"thumbnailUrl":"https:\/\/vicpark.com\/wp-content\/uploads\/2024\/06\/VictoriaPark_Camille_5997.png","datePublished":"2024-11-07T16:16:15+00:00","dateModified":"2025-12-16T16:12:17+00:00","breadcrumb":{"@id":"https:\/\/vicpark.com\/fr\/quebec-sainte-foy-medispa-victoria-park\/#breadcrumb"},"inLanguage":"fr-FR","potentialAction":[{"@type":"ReadAction","target":["https:\/\/vicpark.com\/fr\/quebec-sainte-foy-medispa-victoria-park\/"]}]},{"@type":"ImageObject","inLanguage":"fr-FR","@id":"https:\/\/vicpark.com\/fr\/quebec-sainte-foy-medispa-victoria-park\/#primaryimage","url":"https:\/\/vicpark.com\/wp-content\/uploads\/2024\/06\/VictoriaPark_Camille_5997.png","contentUrl":"https:\/\/vicpark.com\/wp-content\/uploads\/2024\/06\/VictoriaPark_Camille_5997.png","width":1440,"height":1020},{"@type":"BreadcrumbList","@id":"https:\/\/vicpark.com\/fr\/quebec-sainte-foy-medispa-victoria-park\/#breadcrumb","itemListElement":[{"@type":"ListItem","position":1,"name":"Accueil","item":"https:\/\/vicpark.com\/fr\/"},{"@type":"ListItem","position":2,"name":"Qu\u00e9bec Sainte-Foy | M\u00e9dispa Victoria Park"}]},{"@type":"WebSite","@id":"https:\/\/vicpark.com\/fr\/#website","url":"https:\/\/vicpark.com\/fr\/","name":"Victoria Park Medispa","description":"","publisher":{"@id":"https:\/\/vicpark.com\/fr\/#organization"},"potentialAction":[{"@type":"SearchAction","target":{"@type":"EntryPoint","urlTemplate":"https:\/\/vicpark.com\/fr\/?s={search_term_string}"},"query-input":{"@type":"PropertyValueSpecification","valueRequired":true,"valueName":"search_term_string"}}],"inLanguage":"fr-FR"},{"@type":"Organization","@id":"https:\/\/vicpark.com\/fr\/#organization","name":"Victoria Park Medispa","url":"https:\/\/vicpark.com\/fr\/","logo":{"@type":"ImageObject","inLanguage":"fr-FR","@id":"https:\/\/vicpark.com\/fr\/#\/schema\/logo\/image\/","url":"https:\/\/vicpark.com\/wp-content\/uploads\/2024\/08\/vp-medispa-HORIZONTAL-logo-black-fr.jpg","contentUrl":"https:\/\/vicpark.com\/wp-content\/uploads\/2024\/08\/vp-medispa-HORIZONTAL-logo-black-fr.jpg","width":696,"height":696,"caption":"Victoria Park Medispa"},"image":{"@id":"https:\/\/vicpark.com\/fr\/#\/schema\/logo\/image\/"},"sameAs":["https:\/\/www.facebook.com\/VicParkMedispa"]}]}},"taxonomy_info":[],"featured_image_src_large":["https:\/\/vicpark.com\/wp-content\/uploads\/2024\/06\/VictoriaPark_Camille_5997-1024x725.png",1024,725,true],"author_info":{"display_name":"Hannah Waddell","author_link":"https:\/\/vicpark.com\/fr\/author\/hwaddell\/"},"comment_info":0,"_links":{"self":[{"href":"https:\/\/vicpark.com\/fr\/wp-json\/wp\/v2\/pages\/6031","targetHints":{"allow":["GET"]}}],"collection":[{"href":"https:\/\/vicpark.com\/fr\/wp-json\/wp\/v2\/pages"}],"about":[{"href":"https:\/\/vicpark.com\/fr\/wp-json\/wp\/v2\/types\/page"}],"author":[{"embeddable":true,"href":"https:\/\/vicpark.com\/fr\/wp-json\/wp\/v2\/users\/17"}],"replies":[{"embeddable":true,"href":"https:\/\/vicpark.com\/fr\/wp-json\/wp\/v2\/comments?post=6031"}],"version-history":[{"count":17,"href":"https:\/\/vicpark.com\/fr\/wp-json\/wp\/v2\/pages\/6031\/revisions"}],"predecessor-version":[{"id":6331,"href":"https:\/\/vicpark.com\/fr\/wp-json\/wp\/v2\/pages\/6031\/revisions\/6331"}],"wp:featuredmedia":[{"embeddable":true,"href":"https:\/\/vicpark.com\/fr\/wp-json\/wp\/v2\/media\/1627"}],"wp:attachment":[{"href":"https:\/\/vicpark.com\/fr\/wp-json\/wp\/v2\/media?parent=6031"}],"curies":[{"name":"wp","href":"https:\/\/api.w.org\/{rel}","templated":true}]}}