{"id":917,"date":"2024-04-12T08:56:30","date_gmt":"2024-04-12T12:56:30","guid":{"rendered":"https:\/\/vicpark.com\/page-d-exemple\/"},"modified":"2026-02-26T15:15:21","modified_gmt":"2026-02-26T20:15:21","slug":"accueil","status":"publish","type":"page","link":"https:\/\/vicpark.com\/fr\/","title":{"rendered":"Accueil"},"content":{"rendered":"<div class=\"bk-hero-video active-header\">\r\n<div class=\"bg-image\" data-speed=\"0.3\" style=\"background-image: url(https:\/\/vicpark.com\/wp-content\/uploads\/2024\/04\/home-main-scaled-1.jpg)\"><\/div>\r\n<div id=\"region-container\"><\/div>\r\n\r\n<div class=\"hero-title \">\r\n    <h1 class=\"hero-video-title t-left-animation delay\">\r\n        Incarnez<br>votre<br>extraordinaire        <\/h1>\r\n    \r\n    <\/div>\r\n\r\n\r\n<\/div>\r\n<nav class=\"breadcrumb\"><span><span><a href=\"https:\/\/vicpark.com\/fr\/\">Accueil<\/a><\/span><\/span><\/nav>\n\n\n<div class=\"wp-block-group section-circle is-layout-flow wp-block-group-is-layout-flow\"><style>\r\n    .image-27c8e {\r\n        background-image:url(https:\/\/vicpark.com\/wp-content\/uploads\/2024\/08\/VictoriaPark_Marie-Pierre_5994_v3-1.jpg);\r\n    }\r\n    @media screen and (orientation: portrait) {\r\n        .image-27c8e {\r\n            background-image:url(https:\/\/vicpark.com\/wp-content\/uploads\/2024\/08\/VictoriaPark_Marie-Pierre_5994_v3-1-536x1000.jpg);\r\n        }\r\n    }\r\n<\/style>\r\n<div class=\"bk-circle-reveal \">\r\n    <div class=\"bk-circle-reveal--description lines-animation\">\r\n        <span style=\"font-weight: 400\">Incarnez la meilleure version de vous-m\u00eame et la confiance que vous m\u00e9ritez gr\u00e2ce au <\/span>\r\n\r\n<span style=\"font-weight: 400\">M\u00e9dispa Victoria Park.<\/span>    <\/div>\r\n    <div class=\"image-reveal image-27c8e\">\r\n        <span class=\"image-reveal-txt\">\u00c0 propos<\/span>\r\n    <\/div>\r\n<\/div>\r\n<div class=\"bk-circle-reveal--after-description lines-animation\">\r\n    <p><span style=\"font-weight: 400;\">Incarnez la meilleure version de vous-m\u00eame et la confiance que vous m\u00e9ritez gr\u00e2ce au <\/span><\/p>\n<p><span style=\"font-weight: 400;\">M\u00e9dispa Victoria Park.<\/span><\/p>\n \r\n<\/div>\n\n\n<div class=\"wp-block-group side-section has-cream-background-color has-background is-layout-flow wp-block-group-is-layout-flow\">\n<p class=\"has-text-align-center title has-medium-font-size\" style=\"text-transform:uppercase\">La diff\u00e9rence M\u00e9dispa Victoria Park<\/p>\n\n\n\n<figure class=\"wp-block-image size-medium has-custom-border\"><img decoding=\"async\" width=\"253\" height=\"300\" src=\"https:\/\/vicpark.com\/wp-content\/uploads\/2025\/12\/3D_Icon_LOW_RES-253x300.jpg\" alt=\"\" class=\"wp-image-14951\" style=\"border-radius:12px\" srcset=\"https:\/\/vicpark.com\/wp-content\/uploads\/2025\/12\/3D_Icon_LOW_RES-253x300.jpg 253w, https:\/\/vicpark.com\/wp-content\/uploads\/2025\/12\/3D_Icon_LOW_RES-864x1024.jpg 864w, https:\/\/vicpark.com\/wp-content\/uploads\/2025\/12\/3D_Icon_LOW_RES-768x910.jpg 768w, https:\/\/vicpark.com\/wp-content\/uploads\/2025\/12\/3D_Icon_LOW_RES-1296x1536.jpg 1296w, https:\/\/vicpark.com\/wp-content\/uploads\/2025\/12\/3D_Icon_LOW_RES-1728x2048.jpg 1728w, https:\/\/vicpark.com\/wp-content\/uploads\/2025\/12\/3D_Icon_LOW_RES-500x593.jpg 500w\" sizes=\"(max-width: 253px) 100vw, 253px\" \/><\/figure>\n\n\n\n<div style=\"height:var(--wp--preset--spacing--20)\" aria-hidden=\"true\" class=\"wp-block-spacer\"><\/div>\n\n\n\n<p class=\"has-text-align-center has-small-font-size\">Depuis plus de vingt ans, nous valorisons la beaut\u00e9 et le bien-\u00eatre de nos patients \u00e0 travers le Canada gr\u00e2ce \u00e0 nos soins personnalis\u00e9s, notre expertise innovante et nos traitements transformateurs.<\/p>\n\n\n\n<p class=\"has-text-align-center has-small-font-size\">En tant que meilleur m\u00e9dispa au Canada, &nbsp;tel que nomm\u00e9 par&nbsp;les prix annuels Canadian Spa &amp; Wellness Awards, notre mission est de vous assurer que vous vous sentiez \u00e0 l\u2019aise, confiant et bien pris en charge, du moment o\u00f9 vous franchissez la porte jusqu\u2019\u00e0 bien apr\u00e8s votre d\u00e9part.<\/p>\n\n\n\n<div class=\"wp-block-buttons is-content-justification-center is-layout-flex wp-container-core-buttons-is-layout-a89b3969 wp-block-buttons-is-layout-flex\">\n<div class=\"wp-block-button main-button\"><a class=\"wp-block-button__link has-text-align-center wp-element-button\" href=\"https:\/\/vicpark.com\/fr\/a-propos\/a-propos\/\">Apprendre \u00e0 mieux nous conna\u00eetre<\/a><\/div>\n<\/div>\n\n\n\n<p>\u2028<\/p>\n<\/div>\n<\/div>\n\n\n\n<div class=\"wp-block-group trait-presentation is-layout-constrained wp-block-group-is-layout-constrained\">\n<h2 class=\"wp-block-heading has-text-align-center\">EXPLOREZ NOS TRAITEMENTS<\/h2>\n\n\n\n<div class=\"wp-block-group is-layout-flow wp-block-group-is-layout-flow\">\n<p class=\"long-text splittedtitle\">Quels que soient vos objectifs, nous sommes l\u00e0 pour vous. Des solutions de remodelage du corps et de rajeunissement de la peau aux traitements injectables et contre l\u2019acn\u00e9, nous sommes fiers d\u2019offrir la gamme la plus compl\u00e8te de solutions m\u00e9dico-esth\u00e9tiques au Canada.<\/p>\n<\/div>\n<\/div>\n\n\n\n<div class=\"wp-block-group is-layout-constrained wp-block-group-is-layout-constrained\"><div class=\"bk-traitement-cat-list\">\r\n    <div class=\"traitement-cat-rows\">\r\n                    <hr\/>\r\n            <a href=\"https:\/\/vicpark.com\/fr\/traitement\/bien-etre\/\" class=\"traitement-cat-link\">\r\n            \r\n                <div class=\"traitement-cat-row\">\r\n                \r\n                    <div class=\"traitement-cat-img\">\r\n                        <img decoding=\"async\" src=\"https:\/\/vicpark.com\/wp-content\/uploads\/2024\/06\/170424_spline_6k-213x156.jpg\">\r\n                    <\/div>\r\n                    <div class=\"traitement-cat-content\">\r\n                        <p><\/p>\r\n                        <h3>Bien-\u00eatre<\/h3>\r\n                    <\/div>\r\n                <\/div>\r\n            <\/a>\r\n                                <hr\/>\r\n            <a href=\"https:\/\/vicpark.com\/fr\/traitement\/injections-esthetiques\/\" class=\"traitement-cat-link\">\r\n            \r\n                <div class=\"traitement-cat-row\">\r\n                \r\n                    <div class=\"traitement-cat-img\">\r\n                        <img decoding=\"async\" src=\"https:\/\/vicpark.com\/wp-content\/uploads\/2024\/06\/170424_circle_02_6k-213x156.png\">\r\n                    <\/div>\r\n                    <div class=\"traitement-cat-content\">\r\n                        <p><\/p>\r\n                        <h3>Injections esth\u00e9tiques<\/h3>\r\n                    <\/div>\r\n                <\/div>\r\n            <\/a>\r\n                                <hr\/>\r\n            <a href=\"https:\/\/vicpark.com\/fr\/traitement\/nos-lasers\/\" class=\"traitement-cat-link\">\r\n            \r\n                <div class=\"traitement-cat-row\">\r\n                \r\n                    <div class=\"traitement-cat-img\">\r\n                        <img decoding=\"async\" src=\"https:\/\/vicpark.com\/wp-content\/uploads\/2024\/06\/170424_laser_6k-213x156.jpg\">\r\n                    <\/div>\r\n                    <div class=\"traitement-cat-content\">\r\n                        <p><\/p>\r\n                        <h3>Lasers<\/h3>\r\n                    <\/div>\r\n                <\/div>\r\n            <\/a>\r\n                                <hr\/>\r\n            <a href=\"https:\/\/vicpark.com\/fr\/traitement\/soins-pour-la-peau\/\" class=\"traitement-cat-link\">\r\n            \r\n                <div class=\"traitement-cat-row\">\r\n                \r\n                    <div class=\"traitement-cat-img\">\r\n                        <img decoding=\"async\" src=\"https:\/\/vicpark.com\/wp-content\/uploads\/2024\/06\/170424_cell_6k-213x156.png\">\r\n                    <\/div>\r\n                    <div class=\"traitement-cat-content\">\r\n                        <p><\/p>\r\n                        <h3>Soins de la peau &amp; du cuir chevelu<\/h3>\r\n                    <\/div>\r\n                <\/div>\r\n            <\/a>\r\n                                <hr\/>\r\n            <a href=\"https:\/\/vicpark.com\/fr\/traitement\/soins-pour-le-corps\/\" class=\"traitement-cat-link\">\r\n            \r\n                <div class=\"traitement-cat-row\">\r\n                \r\n                    <div class=\"traitement-cat-img\">\r\n                        <img decoding=\"async\" src=\"https:\/\/vicpark.com\/wp-content\/uploads\/2024\/06\/170424_tube_dna_02_6k-213x156.png\">\r\n                    <\/div>\r\n                    <div class=\"traitement-cat-content\">\r\n                        <p><\/p>\r\n                        <h3>Soins pour le corps<\/h3>\r\n                    <\/div>\r\n                <\/div>\r\n            <\/a>\r\n                    \r\n    <\/div>\r\n<\/div><\/div>\n\n\n\n<div style=\"height:var(--wp--preset--spacing--80)\" aria-hidden=\"true\" class=\"wp-block-spacer is-style-responsive-medium\"><\/div>\n\n\n<div class=\"bk-article-accueil wrapper \">\r\n        <header>\r\n        <h2 class=\"t-left-animation delay\">Ne manquez<br>rien<\/h2>\r\n        <span class=\"description\"><p><span style=\"font-weight: 400;\">Suivez notre blogue pour tout savoir sur les derni\u00e8res innovations m\u00e9dico-esth\u00e9tiques, les traitements, les conseils de nos experts et plus encore.<\/span><\/p>\n<\/span>    <\/header>\r\n        <div class=\"container-article wp-block-post-template\">\r\n        <div class=\"wp-block-query wrapper\">\r\n            <ul class=\"wp-block-post-template\">\r\n                                    <li class=\"wp-block-post\">\r\n                        <div class=\"wp-block-group art-class\">\r\n                            <div class=\"overlay\"><\/div>\r\n                            <a href=\"https:\/\/vicpark.com\/fr\/est-ce-que-coolsculpting-fonctionne-vraiment\/\" target=\"_self\">\r\n                                <figure class=\"wp-block-post-featured-image\">\r\n                                    <img decoding=\"async\" src=\"https:\/\/vicpark.com\/wp-content\/uploads\/2026\/03\/Victoria-Park-Medispa-Old-Montreal-June-2024-78-1.jpg\"  alt=\"Est-ce que CoolSculpting fonctionne vraiment ?\" >\r\n                                <\/figure>\r\n                                <div class=\"bottom-container\">\r\n                                    <div class=\"wp-block-group art-bottom \">\r\n                                        <h2 class=\"wp-block-post-title\" style=\"text-indent: 0;\">Est-ce que CoolSculpting fonctionne vraiment ?<\/h2>\r\n                                    <\/div>\r\n                                    <span class=\"wp-block-read-more\" href=\"https:\/\/vicpark.com\/fr\/est-ce-que-coolsculpting-fonctionne-vraiment\/\" target=\"_self\">Lire<span class=\"screen-reader-text\">: Est-ce que CoolSculpting fonctionne vraiment ?<\/span><\/span>\r\n                                <\/div>\r\n                            <\/a>\r\n                        <\/div>\r\n                    <\/li>\r\n                                        <li class=\"wp-block-post\">\r\n                        <div class=\"wp-block-group art-class\">\r\n                            <div class=\"overlay\"><\/div>\r\n                            <a href=\"https:\/\/vicpark.com\/fr\/comprendre-et-traiter-les-changements-du-visage-et-du-corps-apres-le-glp-1\/\" target=\"_self\">\r\n                                <figure class=\"wp-block-post-featured-image\">\r\n                                    <img decoding=\"async\" src=\"https:\/\/vicpark.com\/wp-content\/uploads\/2024\/05\/VictoriaPark_Marie-Pierre_5994-scaled.jpg\"  alt=\"Comprendre et traiter les changements du visage et du corps apr\u00e8s le GLP-1\" >\r\n                                <\/figure>\r\n                                <div class=\"bottom-container\">\r\n                                    <div class=\"wp-block-group art-bottom \">\r\n                                        <h2 class=\"wp-block-post-title\" style=\"text-indent: 0;\">Comprendre et traiter les changements du visage et du corps apr\u00e8s le GLP-1<\/h2>\r\n                                    <\/div>\r\n                                    <span class=\"wp-block-read-more\" href=\"https:\/\/vicpark.com\/fr\/comprendre-et-traiter-les-changements-du-visage-et-du-corps-apres-le-glp-1\/\" target=\"_self\">Lire<span class=\"screen-reader-text\">: Comprendre et traiter les changements du visage et du corps apr\u00e8s le GLP-1<\/span><\/span>\r\n                                <\/div>\r\n                            <\/a>\r\n                        <\/div>\r\n                    <\/li>\r\n                                        <li class=\"wp-block-post\">\r\n                        <div class=\"wp-block-group art-class\">\r\n                            <div class=\"overlay\"><\/div>\r\n                            <a href=\"https:\/\/vicpark.com\/fr\/le-medispa-victoria-park-simplante-dans-louest-canadien-avec-lacquisition-de-phi-medical-aesthetics\/\" target=\"_self\">\r\n                                <figure class=\"wp-block-post-featured-image\">\r\n                                    <img decoding=\"async\" src=\"https:\/\/vicpark.com\/wp-content\/uploads\/2025\/09\/VicPark_BG_d7a17e_V1-1.jpg\"  alt=\"Le M\u00e9dispa Victoria Park s\u2019implante dans l\u2019Ouest canadien avec l\u2019acquisition de PHI Medical Aesthetics\" >\r\n                                <\/figure>\r\n                                <div class=\"bottom-container\">\r\n                                    <div class=\"wp-block-group art-bottom \">\r\n                                        <h2 class=\"wp-block-post-title\" style=\"text-indent: 0;\">Le M\u00e9dispa Victoria Park s\u2019implante dans l\u2019Ouest canadien avec l\u2019acquisition de PHI Medical Aesthetics<\/h2>\r\n                                    <\/div>\r\n                                    <span class=\"wp-block-read-more\" href=\"https:\/\/vicpark.com\/fr\/le-medispa-victoria-park-simplante-dans-louest-canadien-avec-lacquisition-de-phi-medical-aesthetics\/\" target=\"_self\">Lire<span class=\"screen-reader-text\">: Le M\u00e9dispa Victoria Park s\u2019implante dans l\u2019Ouest canadien avec l\u2019acquisition de PHI Medical Aesthetics<\/span><\/span>\r\n                                <\/div>\r\n                            <\/a>\r\n                        <\/div>\r\n                    <\/li>\r\n                                <\/ul>\r\n            <div class=\"wp-block-button main-button\"><a target=\"\" href=\"https:\/\/vicpark.com\/fr\/a-propos\/blogue\/\" class=\"wp-element-button block-product-button\">Visiter le blogue<\/a><\/div>        <\/div>\r\n    <\/div>\r\n<\/div>","protected":false},"excerpt":{"rendered":"<p>La diff\u00e9rence M\u00e9dispa Victoria Park Depuis plus de vingt ans, nous valorisons la beaut\u00e9 et le bien-\u00eatre de nos patients \u00e0 travers le Canada gr\u00e2ce \u00e0 nos soins personnalis\u00e9s, notre expertise innovante et nos traitements transformateurs. En tant que meilleur m\u00e9dispa au Canada, &nbsp;tel que nomm\u00e9 par&nbsp;les prix annuels Canadian Spa &amp; Wellness Awards, notre [&hellip;]<\/p>\n","protected":false},"author":1,"featured_media":4337,"parent":0,"menu_order":0,"comment_status":"closed","ping_status":"closed","template":"","meta":{"_acf_changed":false,"_kad_blocks_custom_css":"","_kad_blocks_head_custom_js":"","_kad_blocks_body_custom_js":"","_kad_blocks_footer_custom_js":"","footnotes":""},"class_list":["post-917","page","type-page","status-publish","has-post-thumbnail","hentry"],"acf":[],"yoast_head":"<!-- This site is optimized with the Yoast SEO plugin v26.7 - https:\/\/yoast.com\/wordpress\/plugins\/seo\/ -->\n<title>Clinique M\u00e9dico Esth\u00e9tique | M\u00e9dispa Victoria Park<\/title>\n<meta name=\"description\" content=\"D\u00e9couvrez l\u2019excellence en m\u00e9dico-esth\u00e9tique chez M\u00e9dispa Victoria Park. Des traitements pour sublimer votre peau et r\u00e9v\u00e9ler votre beaut\u00e9 naturelle.\" \/>\n<meta name=\"robots\" content=\"index, follow, max-snippet:-1, max-image-preview:large, max-video-preview:-1\" \/>\n<link rel=\"canonical\" href=\"https:\/\/vicpark.com\/fr\/\" \/>\n<meta property=\"og:locale\" content=\"fr_FR\" \/>\n<meta property=\"og:type\" content=\"article\" \/>\n<meta property=\"og:title\" content=\"Clinique M\u00e9dico Esth\u00e9tique | M\u00e9dispa Victoria Park\" \/>\n<meta property=\"og:description\" content=\"D\u00e9couvrez l\u2019excellence en m\u00e9dico-esth\u00e9tique chez M\u00e9dispa Victoria Park. Des traitements pour sublimer votre peau et r\u00e9v\u00e9ler votre beaut\u00e9 naturelle.\" \/>\n<meta property=\"og:url\" content=\"https:\/\/vicpark.com\/fr\/\" \/>\n<meta property=\"og:site_name\" content=\"Victoria Park Medispa\" \/>\n<meta property=\"article:publisher\" content=\"https:\/\/www.facebook.com\/VicParkMedispa\" \/>\n<meta property=\"article:modified_time\" content=\"2026-02-26T20:15:21+00:00\" \/>\n<meta property=\"og:image\" content=\"https:\/\/vicpark.com\/wp-content\/uploads\/2024\/08\/imf-partage-vicpark.jpg\" \/>\n\t<meta property=\"og:image:width\" content=\"1200\" \/>\n\t<meta property=\"og:image:height\" content=\"675\" \/>\n\t<meta property=\"og:image:type\" content=\"image\/jpeg\" \/>\n<meta name=\"twitter:card\" content=\"summary_large_image\" \/>\n<meta name=\"twitter:label1\" content=\"Est. reading time\" \/>\n\t<meta name=\"twitter:data1\" content=\"1 minute\" \/>\n<script type=\"application\/ld+json\" class=\"yoast-schema-graph\">{\"@context\":\"https:\/\/schema.org\",\"@graph\":[{\"@type\":\"WebPage\",\"@id\":\"https:\/\/vicpark.com\/fr\/\",\"url\":\"https:\/\/vicpark.com\/fr\/\",\"name\":\"Clinique M\u00e9dico Esth\u00e9tique | M\u00e9dispa Victoria Park\",\"isPartOf\":{\"@id\":\"https:\/\/vicpark.com\/fr\/#website\"},\"primaryImageOfPage\":{\"@id\":\"https:\/\/vicpark.com\/fr\/#primaryimage\"},\"image\":{\"@id\":\"https:\/\/vicpark.com\/fr\/#primaryimage\"},\"thumbnailUrl\":\"https:\/\/vicpark.com\/wp-content\/uploads\/2024\/08\/imf-partage-vicpark.jpg\",\"datePublished\":\"2024-04-12T12:56:30+00:00\",\"dateModified\":\"2026-02-26T20:15:21+00:00\",\"description\":\"D\u00e9couvrez l\u2019excellence en m\u00e9dico-esth\u00e9tique chez M\u00e9dispa Victoria Park. Des traitements pour sublimer votre peau et r\u00e9v\u00e9ler votre beaut\u00e9 naturelle.\",\"breadcrumb\":{\"@id\":\"https:\/\/vicpark.com\/fr\/#breadcrumb\"},\"inLanguage\":\"fr-FR\",\"potentialAction\":[{\"@type\":\"ReadAction\",\"target\":[\"https:\/\/vicpark.com\/fr\/\"]}]},{\"@type\":\"ImageObject\",\"inLanguage\":\"fr-FR\",\"@id\":\"https:\/\/vicpark.com\/fr\/#primaryimage\",\"url\":\"https:\/\/vicpark.com\/wp-content\/uploads\/2024\/08\/imf-partage-vicpark.jpg\",\"contentUrl\":\"https:\/\/vicpark.com\/wp-content\/uploads\/2024\/08\/imf-partage-vicpark.jpg\",\"width\":1200,\"height\":675},{\"@type\":\"BreadcrumbList\",\"@id\":\"https:\/\/vicpark.com\/fr\/#breadcrumb\",\"itemListElement\":[{\"@type\":\"ListItem\",\"position\":1,\"name\":\"Accueil\",\"item\":\"https:\/\/vicpark.com\/fr\/\"},{\"@type\":\"ListItem\",\"position\":2,\"name\":\"Accueil\"}]},{\"@type\":\"WebSite\",\"@id\":\"https:\/\/vicpark.com\/fr\/#website\",\"url\":\"https:\/\/vicpark.com\/fr\/\",\"name\":\"Victoria Park Medispa\",\"description\":\"\",\"publisher\":{\"@id\":\"https:\/\/vicpark.com\/fr\/#organization\"},\"potentialAction\":[{\"@type\":\"SearchAction\",\"target\":{\"@type\":\"EntryPoint\",\"urlTemplate\":\"https:\/\/vicpark.com\/fr\/?s={search_term_string}\"},\"query-input\":{\"@type\":\"PropertyValueSpecification\",\"valueRequired\":true,\"valueName\":\"search_term_string\"}}],\"inLanguage\":\"fr-FR\"},{\"@type\":\"Organization\",\"@id\":\"https:\/\/vicpark.com\/fr\/#organization\",\"name\":\"Victoria Park Medispa\",\"url\":\"https:\/\/vicpark.com\/fr\/\",\"logo\":{\"@type\":\"ImageObject\",\"inLanguage\":\"fr-FR\",\"@id\":\"https:\/\/vicpark.com\/fr\/#\/schema\/logo\/image\/\",\"url\":\"https:\/\/vicpark.com\/wp-content\/uploads\/2024\/08\/vp-medispa-HORIZONTAL-logo-black-fr.jpg\",\"contentUrl\":\"https:\/\/vicpark.com\/wp-content\/uploads\/2024\/08\/vp-medispa-HORIZONTAL-logo-black-fr.jpg\",\"width\":696,\"height\":696,\"caption\":\"Victoria Park Medispa\"},\"image\":{\"@id\":\"https:\/\/vicpark.com\/fr\/#\/schema\/logo\/image\/\"},\"sameAs\":[\"https:\/\/www.facebook.com\/VicParkMedispa\"]}]}<\/script>\n<!-- \/ Yoast SEO plugin. -->","yoast_head_json":{"title":"Clinique M\u00e9dico Esth\u00e9tique | M\u00e9dispa Victoria Park","description":"D\u00e9couvrez l\u2019excellence en m\u00e9dico-esth\u00e9tique chez M\u00e9dispa Victoria Park. Des traitements pour sublimer votre peau et r\u00e9v\u00e9ler votre beaut\u00e9 naturelle.","robots":{"index":"index","follow":"follow","max-snippet":"max-snippet:-1","max-image-preview":"max-image-preview:large","max-video-preview":"max-video-preview:-1"},"canonical":"https:\/\/vicpark.com\/fr\/","og_locale":"fr_FR","og_type":"article","og_title":"Clinique M\u00e9dico Esth\u00e9tique | M\u00e9dispa Victoria Park","og_description":"D\u00e9couvrez l\u2019excellence en m\u00e9dico-esth\u00e9tique chez M\u00e9dispa Victoria Park. Des traitements pour sublimer votre peau et r\u00e9v\u00e9ler votre beaut\u00e9 naturelle.","og_url":"https:\/\/vicpark.com\/fr\/","og_site_name":"Victoria Park Medispa","article_publisher":"https:\/\/www.facebook.com\/VicParkMedispa","article_modified_time":"2026-02-26T20:15:21+00:00","og_image":[{"width":1200,"height":675,"url":"https:\/\/vicpark.com\/wp-content\/uploads\/2024\/08\/imf-partage-vicpark.jpg","type":"image\/jpeg"}],"twitter_card":"summary_large_image","twitter_misc":{"Est. reading time":"1 minute"},"schema":{"@context":"https:\/\/schema.org","@graph":[{"@type":"WebPage","@id":"https:\/\/vicpark.com\/fr\/","url":"https:\/\/vicpark.com\/fr\/","name":"Clinique M\u00e9dico Esth\u00e9tique | M\u00e9dispa Victoria Park","isPartOf":{"@id":"https:\/\/vicpark.com\/fr\/#website"},"primaryImageOfPage":{"@id":"https:\/\/vicpark.com\/fr\/#primaryimage"},"image":{"@id":"https:\/\/vicpark.com\/fr\/#primaryimage"},"thumbnailUrl":"https:\/\/vicpark.com\/wp-content\/uploads\/2024\/08\/imf-partage-vicpark.jpg","datePublished":"2024-04-12T12:56:30+00:00","dateModified":"2026-02-26T20:15:21+00:00","description":"D\u00e9couvrez l\u2019excellence en m\u00e9dico-esth\u00e9tique chez M\u00e9dispa Victoria Park. Des traitements pour sublimer votre peau et r\u00e9v\u00e9ler votre beaut\u00e9 naturelle.","breadcrumb":{"@id":"https:\/\/vicpark.com\/fr\/#breadcrumb"},"inLanguage":"fr-FR","potentialAction":[{"@type":"ReadAction","target":["https:\/\/vicpark.com\/fr\/"]}]},{"@type":"ImageObject","inLanguage":"fr-FR","@id":"https:\/\/vicpark.com\/fr\/#primaryimage","url":"https:\/\/vicpark.com\/wp-content\/uploads\/2024\/08\/imf-partage-vicpark.jpg","contentUrl":"https:\/\/vicpark.com\/wp-content\/uploads\/2024\/08\/imf-partage-vicpark.jpg","width":1200,"height":675},{"@type":"BreadcrumbList","@id":"https:\/\/vicpark.com\/fr\/#breadcrumb","itemListElement":[{"@type":"ListItem","position":1,"name":"Accueil","item":"https:\/\/vicpark.com\/fr\/"},{"@type":"ListItem","position":2,"name":"Accueil"}]},{"@type":"WebSite","@id":"https:\/\/vicpark.com\/fr\/#website","url":"https:\/\/vicpark.com\/fr\/","name":"Victoria Park Medispa","description":"","publisher":{"@id":"https:\/\/vicpark.com\/fr\/#organization"},"potentialAction":[{"@type":"SearchAction","target":{"@type":"EntryPoint","urlTemplate":"https:\/\/vicpark.com\/fr\/?s={search_term_string}"},"query-input":{"@type":"PropertyValueSpecification","valueRequired":true,"valueName":"search_term_string"}}],"inLanguage":"fr-FR"},{"@type":"Organization","@id":"https:\/\/vicpark.com\/fr\/#organization","name":"Victoria Park Medispa","url":"https:\/\/vicpark.com\/fr\/","logo":{"@type":"ImageObject","inLanguage":"fr-FR","@id":"https:\/\/vicpark.com\/fr\/#\/schema\/logo\/image\/","url":"https:\/\/vicpark.com\/wp-content\/uploads\/2024\/08\/vp-medispa-HORIZONTAL-logo-black-fr.jpg","contentUrl":"https:\/\/vicpark.com\/wp-content\/uploads\/2024\/08\/vp-medispa-HORIZONTAL-logo-black-fr.jpg","width":696,"height":696,"caption":"Victoria Park Medispa"},"image":{"@id":"https:\/\/vicpark.com\/fr\/#\/schema\/logo\/image\/"},"sameAs":["https:\/\/www.facebook.com\/VicParkMedispa"]}]}},"taxonomy_info":[],"featured_image_src_large":["https:\/\/vicpark.com\/wp-content\/uploads\/2024\/08\/imf-partage-vicpark-1024x576.jpg",1024,576,true],"author_info":{"display_name":"archipel","author_link":"https:\/\/vicpark.com\/fr\/author\/archipel\/"},"comment_info":0,"_links":{"self":[{"href":"https:\/\/vicpark.com\/fr\/wp-json\/wp\/v2\/pages\/917","targetHints":{"allow":["GET"]}}],"collection":[{"href":"https:\/\/vicpark.com\/fr\/wp-json\/wp\/v2\/pages"}],"about":[{"href":"https:\/\/vicpark.com\/fr\/wp-json\/wp\/v2\/types\/page"}],"author":[{"embeddable":true,"href":"https:\/\/vicpark.com\/fr\/wp-json\/wp\/v2\/users\/1"}],"replies":[{"embeddable":true,"href":"https:\/\/vicpark.com\/fr\/wp-json\/wp\/v2\/comments?post=917"}],"version-history":[{"count":35,"href":"https:\/\/vicpark.com\/fr\/wp-json\/wp\/v2\/pages\/917\/revisions"}],"predecessor-version":[{"id":15944,"href":"https:\/\/vicpark.com\/fr\/wp-json\/wp\/v2\/pages\/917\/revisions\/15944"}],"wp:featuredmedia":[{"embeddable":true,"href":"https:\/\/vicpark.com\/fr\/wp-json\/wp\/v2\/media\/4337"}],"wp:attachment":[{"href":"https:\/\/vicpark.com\/fr\/wp-json\/wp\/v2\/media?parent=917"}],"curies":[{"name":"wp","href":"https:\/\/api.w.org\/{rel}","templated":true}]}}